{"id":26200,"date":"2021-03-31T17:42:09","date_gmt":"2021-03-31T17:42:09","guid":{"rendered":"https:\/\/treicap.com.br\/ead\/?page_id=26200"},"modified":"2021-04-06T19:25:53","modified_gmt":"2021-04-06T19:25:53","slug":"nr-10","status":"publish","type":"page","link":"https:\/\/treicap.com.br\/ead\/nr-10\/","title":{"rendered":"NR-10"},"content":{"rendered":"\t\t<div data-elementor-type=\"wp-page\" data-elementor-id=\"26200\" class=\"elementor elementor-26200\" data-elementor-settings=\"[]\">\n\t\t\t\t\t\t<div class=\"elementor-inner\">\n\t\t\t\t\t\t\t<div class=\"elementor-section-wrap\">\n\t\t\t\t\t\t\t<section class=\"elementor-section elementor-top-section elementor-element elementor-element-8f58f57 elementor-reverse-mobile elementor-section-boxed elementor-section-height-default elementor-section-height-default\" data-id=\"8f58f57\" data-element_type=\"section\" data-settings=\"{&quot;background_background&quot;:&quot;classic&quot;}\">\n\t\t\t\t\t\t<div class=\"elementor-container elementor-column-gap-wide\">\n\t\t\t\t\t\t\t<div class=\"elementor-row\">\n\t\t\t\t\t<div class=\"elementor-column elementor-col-100 elementor-top-column elementor-element elementor-element-eb19016\" data-id=\"eb19016\" data-element_type=\"column\">\n\t\t\t<div class=\"elementor-column-wrap elementor-element-populated\">\n\t\t\t\t\t\t\t<div class=\"elementor-widget-wrap\">\n\t\t\t\t\t\t<div class=\"elementor-element elementor-element-779d08c5 elementor-widget elementor-widget-heading\" data-id=\"779d08c5\" data-element_type=\"widget\" data-widget_type=\"heading.default\">\n\t\t\t\t<div class=\"elementor-widget-container\">\n\t\t\t<h2 class=\"elementor-heading-title elementor-size-default\">NR 10 - Seguran\u00e7a no Sistema El\u00e9trico de Pot\u00eancia (SEP) e em Suas Proximidades <\/h2>\t\t<\/div>\n\t\t\t\t<\/div>\n\t\t\t\t\t\t<\/div>\n\t\t\t\t\t<\/div>\n\t\t<\/div>\n\t\t\t\t\t\t\t\t<\/div>\n\t\t\t\t\t<\/div>\n\t\t<\/section>\n\t\t\t\t<section class=\"elementor-section elementor-top-section elementor-element elementor-element-7d965eaa elementor-reverse-mobile elementor-section-boxed elementor-section-height-default elementor-section-height-default\" data-id=\"7d965eaa\" data-element_type=\"section\" data-settings=\"{&quot;background_background&quot;:&quot;classic&quot;}\">\n\t\t\t\t\t\t<div class=\"elementor-container elementor-column-gap-wide\">\n\t\t\t\t\t\t\t<div class=\"elementor-row\">\n\t\t\t\t\t<div class=\"elementor-column elementor-col-50 elementor-top-column elementor-element elementor-element-539f5883\" data-id=\"539f5883\" data-element_type=\"column\">\n\t\t\t<div class=\"elementor-column-wrap elementor-element-populated\">\n\t\t\t\t\t\t\t<div class=\"elementor-widget-wrap\">\n\t\t\t\t\t\t<div class=\"elementor-element elementor-element-5afd9e81 elementor-widget elementor-widget-heading\" data-id=\"5afd9e81\" data-element_type=\"widget\" data-widget_type=\"heading.default\">\n\t\t\t\t<div class=\"elementor-widget-container\">\n\t\t\t<h3 class=\"elementor-heading-title elementor-size-default\">Objetivo<\/h3>\t\t<\/div>\n\t\t\t\t<\/div>\n\t\t\t\t<div class=\"elementor-element elementor-element-4079d344 elementor-widget elementor-widget-text-editor\" data-id=\"4079d344\" data-element_type=\"widget\" data-widget_type=\"text-editor.default\">\n\t\t\t\t<div class=\"elementor-widget-container\">\n\t\t\t\t\t\t\t\t<div class=\"elementor-text-editor elementor-clearfix\">\n\t\t\t\t\t<p>O curso aborda os requisitos estabelecidos pela Norma Regulamentadora NR 10, objetivando a implementa\u00e7\u00e3o de medidas de controle e sistemas preventivos nas fases de gera\u00e7\u00e3o, transmiss\u00e3o, distribui\u00e7\u00e3o e consumo, incluindo as etapas de projeto, constru\u00e7\u00e3o, montagem, opera\u00e7\u00e3o, manuten\u00e7\u00e3o das instala\u00e7\u00f5es el\u00e9tricas e quaisquer trabalhos realizados nas suas proximidades.<\/p>\t\t\t\t\t<\/div>\n\t\t\t\t\t\t<\/div>\n\t\t\t\t<\/div>\n\t\t\t\t<div class=\"elementor-element elementor-element-3ab30ae9 elementor-widget elementor-widget-heading\" data-id=\"3ab30ae9\" data-element_type=\"widget\" data-widget_type=\"heading.default\">\n\t\t\t\t<div class=\"elementor-widget-container\">\n\t\t\t<h3 class=\"elementor-heading-title elementor-size-default\">P\u00fablico Alvo<\/h3>\t\t<\/div>\n\t\t\t\t<\/div>\n\t\t\t\t<div class=\"elementor-element elementor-element-550c76fb elementor-widget elementor-widget-text-editor\" data-id=\"550c76fb\" data-element_type=\"widget\" data-widget_type=\"text-editor.default\">\n\t\t\t\t<div class=\"elementor-widget-container\">\n\t\t\t\t\t\t\t\t<div class=\"elementor-text-editor elementor-clearfix\">\n\t\t\t\t\t<p>Profissionais que interajam em instala\u00e7\u00f5es el\u00e9tricas e servi\u00e7os de eletricidade e que j\u00e1 tenham participado, com aproveitamento satisfat\u00f3rio, do curso de forma\u00e7\u00e3o n\u00edvel b\u00e1sico da NR 10 (40 horas).<\/p>\t\t\t\t\t<\/div>\n\t\t\t\t\t\t<\/div>\n\t\t\t\t<\/div>\n\t\t\t\t\t\t<\/div>\n\t\t\t\t\t<\/div>\n\t\t<\/div>\n\t\t\t\t<div class=\"elementor-column elementor-col-50 elementor-top-column elementor-element elementor-element-2988aed2\" data-id=\"2988aed2\" data-element_type=\"column\">\n\t\t\t<div class=\"elementor-column-wrap elementor-element-populated\">\n\t\t\t\t\t\t\t<div class=\"elementor-widget-wrap\">\n\t\t\t\t\t\t<div class=\"elementor-element elementor-element-47620e65 elementor-widget elementor-widget-image\" data-id=\"47620e65\" data-element_type=\"widget\" data-widget_type=\"image.default\">\n\t\t\t\t<div class=\"elementor-widget-container\">\n\t\t\t\t\t\t\t\t<div class=\"elementor-image\">\n\t\t\t\t\t\t\t\t\t\t\t\t<img loading=\"lazy\" decoding=\"async\" width=\"540\" height=\"540\" src=\"https:\/\/treicap.com.br\/ead\/wp-content\/uploads\/2021\/03\/Design-sem-nome-29.png\" class=\"attachment-large size-large\" alt=\"\" srcset=\"https:\/\/treicap.com.br\/ead\/wp-content\/uploads\/2021\/03\/Design-sem-nome-29.png 540w, https:\/\/treicap.com.br\/ead\/wp-content\/uploads\/2021\/03\/Design-sem-nome-29-300x300.png 300w, https:\/\/treicap.com.br\/ead\/wp-content\/uploads\/2021\/03\/Design-sem-nome-29-150x150.png 150w, https:\/\/treicap.com.br\/ead\/wp-content\/uploads\/2021\/03\/Design-sem-nome-29-100x100.png 100w\" sizes=\"auto, (max-width: 540px) 100vw, 540px\" \/>\t\t\t\t\t\t\t\t\t\t\t\t\t\t<\/div>\n\t\t\t\t\t\t<\/div>\n\t\t\t\t<\/div>\n\t\t\t\t\t\t<\/div>\n\t\t\t\t\t<\/div>\n\t\t<\/div>\n\t\t\t\t\t\t\t\t<\/div>\n\t\t\t\t\t<\/div>\n\t\t<\/section>\n\t\t\t\t<section class=\"elementor-section elementor-top-section elementor-element elementor-element-2a6a6c86 elementor-section-content-middle elementor-section-boxed elementor-section-height-default elementor-section-height-default\" data-id=\"2a6a6c86\" data-element_type=\"section\" data-settings=\"{&quot;background_background&quot;:&quot;classic&quot;}\">\n\t\t\t\t\t\t<div class=\"elementor-container elementor-column-gap-wide\">\n\t\t\t\t\t\t\t<div class=\"elementor-row\">\n\t\t\t\t\t<div class=\"elementor-column elementor-col-100 elementor-top-column elementor-element elementor-element-372ea25c\" data-id=\"372ea25c\" data-element_type=\"column\">\n\t\t\t<div class=\"elementor-column-wrap elementor-element-populated\">\n\t\t\t\t\t\t\t<div class=\"elementor-widget-wrap\">\n\t\t\t\t\t\t<div class=\"elementor-element elementor-element-6238381b elementor-widget elementor-widget-spacer\" data-id=\"6238381b\" data-element_type=\"widget\" data-widget_type=\"spacer.default\">\n\t\t\t\t<div class=\"elementor-widget-container\">\n\t\t\t\t\t<div class=\"elementor-spacer\">\n\t\t\t<div class=\"elementor-spacer-inner\"><\/div>\n\t\t<\/div>\n\t\t\t\t<\/div>\n\t\t\t\t<\/div>\n\t\t\t\t<div class=\"elementor-element elementor-element-a19c9ca elementor-widget elementor-widget-heading\" data-id=\"a19c9ca\" data-element_type=\"widget\" data-widget_type=\"heading.default\">\n\t\t\t\t<div class=\"elementor-widget-container\">\n\t\t\t<h3 class=\"elementor-heading-title elementor-size-default\">Conte\u00fado Program\u00e1tico<\/h3>\t\t<\/div>\n\t\t\t\t<\/div>\n\t\t\t\t<div class=\"elementor-element elementor-element-5093dd45 elementor-widget elementor-widget-text-editor\" data-id=\"5093dd45\" data-element_type=\"widget\" data-widget_type=\"text-editor.default\">\n\t\t\t\t<div class=\"elementor-widget-container\">\n\t\t\t\t\t\t\t\t<div class=\"elementor-text-editor elementor-clearfix\">\n\t\t\t\t\t<ol><li>Organiza\u00e7\u00e3o do Sistema El\u00e9trico de Potencia \u2013 SEP<\/li><li>Organiza\u00e7\u00e3o do Trabalho<br \/>2.1 Programa\u00e7\u00e3o e Planejamento dos Servi\u00e7os<br \/>2.2 trabalho em Equipe<br \/>2.3 Prontu\u00e1rio e Cadastro das Instala\u00e7\u00f5es<br \/>2.4 M\u00e9todos de Trabalho; e<br \/>2.5 Comunica\u00e7\u00e3o<\/li><li>Aspectos Comportamentais<\/li><li>Condi\u00e7\u00f5es Impeditivas Para Servi\u00e7os<\/li><li>Riscos T\u00edpicos no SEP e Sua Preven\u00e7\u00e3o<br \/>5.1 Proximidade e Contatos com Partes Energizadas<br \/>5.2 Indu\u00e7\u00e3o<br \/>5.3 Descargas Atmosf\u00e9ricas<br \/>5.4 Est\u00e1tica<br \/>5.5 Campos El\u00e9tricos e Magn\u00e9ticos<br \/>5.6 Comunica\u00e7\u00e3o e Identifica\u00e7\u00e3o<br \/>5.7 Trabalhos em Altura, M\u00e1quinas e Equipamentos Especiais<\/li><li>T\u00e9cnicas de An\u00e1lise de Risco no SEP<\/li><li>Procedimentos de Trabalho \u2013 An\u00e1lise e Discuss\u00e3o<\/li><li>T\u00e9cnicas de Trabalho Sob Tens\u00e3o<br \/>8.1 Em Linha Viva<br \/>8.2 Ao Potencial<br \/>8.3 Em \u00c1reas Internas<br \/>8.4 Trabalho a Dist\u00e2ncia<br \/>8.5 Trabalhos Noturnos<br \/>8.6 Ambientes Subterr\u00e2neos<\/li><li>Equipamentos e Ferramentas de Trabalho (Escolha, Uso, Conserva\u00e7\u00e3o, Verifica\u00e7\u00e3o, Ensaios)<\/li><li>Posturas e Vestu\u00e1rios de Trabalho<\/li><li>Seguran\u00e7a com Ve\u00edculos e Transporte de Pessoas, Materiais e Equipamentos<\/li><li>Sinaliza\u00e7\u00e3o e Isolamento de \u00c1reas de Trabalho<\/li><li>Libera\u00e7\u00e3o de Instala\u00e7\u00e3o Para Servi\u00e7o e Para Opera\u00e7\u00e3o e Uso<\/li><li>Treinamento em T\u00e9cnicas de Remo\u00e7\u00e3o, Atendimento e Transporte de Acidentados<\/li><li>Acidentes T\u00edpicos: An\u00e1lise, Discuss\u00e3o e Medidas de Prote\u00e7\u00e3o<\/li><li>Conceitos e Pr\u00e1ticas Sobre os Equipamentos de Prote\u00e7\u00e3o: EPI e EPC<\/li><li>Responsabilidades<\/li><\/ol><div><span style=\"font-size: 16px; font-style: normal; font-weight: bold;\">Carga Hor\u00e1ria:\u00a0<\/span><span style=\"font-size: 16px; font-style: normal; font-weight: 400;\">40 horas<\/span><b><br \/><\/b><\/div>\t\t\t\t\t<\/div>\n\t\t\t\t\t\t<\/div>\n\t\t\t\t<\/div>\n\t\t\t\t\t\t<\/div>\n\t\t\t\t\t<\/div>\n\t\t<\/div>\n\t\t\t\t\t\t\t\t<\/div>\n\t\t\t\t\t<\/div>\n\t\t<\/section>\n\t\t\t\t<section class=\"elementor-section elementor-top-section elementor-element elementor-element-3b4e94d elementor-section-content-middle elementor-section-boxed elementor-section-height-default elementor-section-height-default\" data-id=\"3b4e94d\" data-element_type=\"section\" data-settings=\"{&quot;background_background&quot;:&quot;classic&quot;}\">\n\t\t\t\t\t\t<div class=\"elementor-container elementor-column-gap-wide\">\n\t\t\t\t\t\t\t<div class=\"elementor-row\">\n\t\t\t\t\t<div class=\"elementor-column elementor-col-50 elementor-top-column elementor-element elementor-element-948982c\" data-id=\"948982c\" data-element_type=\"column\">\n\t\t\t<div class=\"elementor-column-wrap elementor-element-populated\">\n\t\t\t\t\t\t\t<div class=\"elementor-widget-wrap\">\n\t\t\t\t\t\t<div class=\"elementor-element elementor-element-1f032bcc elementor-widget elementor-widget-image\" data-id=\"1f032bcc\" data-element_type=\"widget\" data-widget_type=\"image.default\">\n\t\t\t\t<div class=\"elementor-widget-container\">\n\t\t\t\t\t\t\t\t<div class=\"elementor-image\">\n\t\t\t\t\t\t\t\t\t\t\t\t<img loading=\"lazy\" decoding=\"async\" width=\"1280\" height=\"856\" src=\"https:\/\/treicap.com.br\/ead\/wp-content\/uploads\/2021\/03\/WhatsApp-Image-2021-03-26-at-10.26.48.jpeg\" class=\"attachment-full size-full\" alt=\"\" srcset=\"https:\/\/treicap.com.br\/ead\/wp-content\/uploads\/2021\/03\/WhatsApp-Image-2021-03-26-at-10.26.48.jpeg 1280w, https:\/\/treicap.com.br\/ead\/wp-content\/uploads\/2021\/03\/WhatsApp-Image-2021-03-26-at-10.26.48-300x201.jpeg 300w, https:\/\/treicap.com.br\/ead\/wp-content\/uploads\/2021\/03\/WhatsApp-Image-2021-03-26-at-10.26.48-1024x685.jpeg 1024w, https:\/\/treicap.com.br\/ead\/wp-content\/uploads\/2021\/03\/WhatsApp-Image-2021-03-26-at-10.26.48-768x514.jpeg 768w, https:\/\/treicap.com.br\/ead\/wp-content\/uploads\/2021\/03\/WhatsApp-Image-2021-03-26-at-10.26.48-600x401.jpeg 600w\" sizes=\"auto, (max-width: 1280px) 100vw, 1280px\" \/>\t\t\t\t\t\t\t\t\t\t\t\t\t\t<\/div>\n\t\t\t\t\t\t<\/div>\n\t\t\t\t<\/div>\n\t\t\t\t<div class=\"elementor-element elementor-element-7d404a86 elementor-widget elementor-widget-spacer\" data-id=\"7d404a86\" data-element_type=\"widget\" data-widget_type=\"spacer.default\">\n\t\t\t\t<div class=\"elementor-widget-container\">\n\t\t\t\t\t<div class=\"elementor-spacer\">\n\t\t\t<div class=\"elementor-spacer-inner\"><\/div>\n\t\t<\/div>\n\t\t\t\t<\/div>\n\t\t\t\t<\/div>\n\t\t\t\t<div class=\"elementor-element elementor-element-2ac015eb elementor-widget elementor-widget-heading\" data-id=\"2ac015eb\" data-element_type=\"widget\" data-widget_type=\"heading.default\">\n\t\t\t\t<div class=\"elementor-widget-container\">\n\t\t\t<h3 class=\"elementor-heading-title elementor-size-default\">Certificado<\/h3>\t\t<\/div>\n\t\t\t\t<\/div>\n\t\t\t\t<div class=\"elementor-element elementor-element-61cce00b elementor-widget__width-initial elementor-widget elementor-widget-text-editor\" data-id=\"61cce00b\" data-element_type=\"widget\" data-widget_type=\"text-editor.default\">\n\t\t\t\t<div class=\"elementor-widget-container\">\n\t\t\t\t\t\t\t\t<div class=\"elementor-text-editor elementor-clearfix\">\n\t\t\t\t\t<p style=\"text-align: left;\">Ser\u00e1 emitido um certificado para cada treinando contendo o nome e CPF do mesmo, conte\u00fado program\u00e1tico, carga hor\u00e1ria, data, com as assinaturas do coordenador de seguran\u00e7a do trabalho, instrutor e do engenheiro respons\u00e1vel t\u00e9cnico pelo treinamento.<br>Os certificados ser\u00e3o disponibilizados desde que o treinando atinja m\u00e9dia igual ou superior a 7,0.<br>Para cada certificado ser\u00e1 emitido um n\u00famero de registro que ser\u00e1 impresso junto ao mesmo para verifica\u00e7\u00e3o de autenticidade atrav\u00e9s do site: <a href=\"http:\/\/www.treicap.com.br\">www.treicap.com.br&nbsp;<\/a><\/p>\t\t\t\t\t<\/div>\n\t\t\t\t\t\t<\/div>\n\t\t\t\t<\/div>\n\t\t\t\t\t\t<\/div>\n\t\t\t\t\t<\/div>\n\t\t<\/div>\n\t\t\t\t<div class=\"elementor-column elementor-col-50 elementor-top-column elementor-element elementor-element-36d648f3\" data-id=\"36d648f3\" data-element_type=\"column\" data-settings=\"{&quot;background_background&quot;:&quot;classic&quot;}\">\n\t\t\t<div class=\"elementor-column-wrap elementor-element-populated\">\n\t\t\t\t\t\t\t<div class=\"elementor-widget-wrap\">\n\t\t\t\t\t\t<div class=\"elementor-element elementor-element-569807c9 elementor-widget-divider--view-line_text elementor-widget-divider--element-align-center elementor-widget elementor-widget-divider\" data-id=\"569807c9\" data-element_type=\"widget\" data-widget_type=\"divider.default\">\n\t\t\t\t<div class=\"elementor-widget-container\">\n\t\t\t\t\t<div class=\"elementor-divider\">\n\t\t\t<span class=\"elementor-divider-separator\">\n\t\t\t\t\t\t\t<span class=\"elementor-divider__text elementor-divider__element\"><b>Investimento<\/b><\/span>\n\t\t\t\t\t\t<\/span>\n\t\t<\/div>\n\t\t\t\t<\/div>\n\t\t\t\t<\/div>\n\t\t\t\t<div class=\"elementor-element elementor-element-2ddf643 elementor-widget elementor-widget-heading\" data-id=\"2ddf643\" data-element_type=\"widget\" data-widget_type=\"heading.default\">\n\t\t\t\t<div class=\"elementor-widget-container\">\n\t\t\t<h4 class=\"elementor-heading-title elementor-size-default\">R$ 225,00<\/h4>\t\t<\/div>\n\t\t\t\t<\/div>\n\t\t\t\t<div class=\"elementor-element elementor-element-7d89fec5 elementor-widget elementor-widget-heading\" data-id=\"7d89fec5\" data-element_type=\"widget\" data-widget_type=\"heading.default\">\n\t\t\t\t<div class=\"elementor-widget-container\">\n\t\t\t<p class=\"elementor-heading-title elementor-size-default\">R$ 175,00<\/p>\t\t<\/div>\n\t\t\t\t<\/div>\n\t\t\t\t<div class=\"elementor-element elementor-element-1790b5ae elementor-align-justify elementor-mobile-align-center elementor-widget elementor-widget-button\" data-id=\"1790b5ae\" data-element_type=\"widget\" data-widget_type=\"button.default\">\n\t\t\t\t<div class=\"elementor-widget-container\">\n\t\t\t\t\t<div class=\"elementor-button-wrapper\">\n\t\t\t<a href=\"https:\/\/api.whatsapp.com\/send?phone=5527996876522&#038;text=Ol%C3%A1%2C%20me%20interessei%20pelo%20curso!\" class=\"elementor-button-link elementor-button elementor-size-lg elementor-animation-grow\" role=\"button\">\n\t\t\t\t\t\t<span class=\"elementor-button-content-wrapper\">\n\t\t\t\t\t\t<span class=\"elementor-button-icon elementor-align-icon-left\">\n\t\t\t\t<i aria-hidden=\"true\" class=\"fas fa-shopping-cart\"><\/i>\t\t\t<\/span>\n\t\t\t\t\t\t<span class=\"elementor-button-text\">GARANTA ESSA OFERTA<\/span>\n\t\t<\/span>\n\t\t\t\t\t<\/a>\n\t\t<\/div>\n\t\t\t\t<\/div>\n\t\t\t\t<\/div>\n\t\t\t\t<div class=\"elementor-element elementor-element-61025ccf elementor-widget elementor-widget-text-editor\" data-id=\"61025ccf\" data-element_type=\"widget\" data-widget_type=\"text-editor.default\">\n\t\t\t\t<div class=\"elementor-widget-container\">\n\t\t\t\t\t\t\t\t<div class=\"elementor-text-editor elementor-clearfix\">\n\t\t\t\t\t<p style=\"text-align: center;\">Caso seja uma empresa e queira comprar mais de uma unidade, possu\u00edmos uma oferta especial para voc\u00ea.<\/p>\t\t\t\t\t<\/div>\n\t\t\t\t\t\t<\/div>\n\t\t\t\t<\/div>\n\t\t\t\t<div class=\"elementor-element elementor-element-64e7c1f8 elementor-align-justify elementor-mobile-align-center elementor-widget elementor-widget-button\" data-id=\"64e7c1f8\" data-element_type=\"widget\" data-widget_type=\"button.default\">\n\t\t\t\t<div class=\"elementor-widget-container\">\n\t\t\t\t\t<div class=\"elementor-button-wrapper\">\n\t\t\t<a href=\"https:\/\/api.whatsapp.com\/send?phone=5527996876522&#038;text=Ol%C3%A1%2C%20me%20interessei%20pelo%20curso!\" class=\"elementor-button-link elementor-button elementor-size-lg elementor-animation-grow\" role=\"button\">\n\t\t\t\t\t\t<span class=\"elementor-button-content-wrapper\">\n\t\t\t\t\t\t<span class=\"elementor-button-icon elementor-align-icon-left\">\n\t\t\t\t<i aria-hidden=\"true\" class=\"fab fa-whatsapp\"><\/i>\t\t\t<\/span>\n\t\t\t\t\t\t<span class=\"elementor-button-text\">GARANTA ESSA OFERTA<\/span>\n\t\t<\/span>\n\t\t\t\t\t<\/a>\n\t\t<\/div>\n\t\t\t\t<\/div>\n\t\t\t\t<\/div>\n\t\t\t\t<div class=\"elementor-element elementor-element-3803b7b5 elementor-widget elementor-widget-spacer\" data-id=\"3803b7b5\" data-element_type=\"widget\" data-widget_type=\"spacer.default\">\n\t\t\t\t<div class=\"elementor-widget-container\">\n\t\t\t\t\t<div class=\"elementor-spacer\">\n\t\t\t<div class=\"elementor-spacer-inner\"><\/div>\n\t\t<\/div>\n\t\t\t\t<\/div>\n\t\t\t\t<\/div>\n\t\t\t\t\t\t<\/div>\n\t\t\t\t\t<\/div>\n\t\t<\/div>\n\t\t\t\t\t\t\t\t<\/div>\n\t\t\t\t\t<\/div>\n\t\t<\/section>\n\t\t\t\t\t\t<\/div>\n\t\t\t\t\t\t<\/div>\n\t\t\t\t\t<\/div>\n\t\t","protected":false},"excerpt":{"rendered":"<p>NR 10 &#8211; Seguran\u00e7a no Sistema El\u00e9trico de Pot\u00eancia (SEP) e em Suas Proximidades Objetivo O curso aborda os requisitos estabelecidos pela Norma Regulamentadora NR 10, objetivando a implementa\u00e7\u00e3o de medidas de controle e sistemas preventivos nas fases de gera\u00e7\u00e3o, transmiss\u00e3o, distribui\u00e7\u00e3o e consumo, incluindo as etapas de projeto, constru\u00e7\u00e3o, montagem, opera\u00e7\u00e3o, manuten\u00e7\u00e3o das instala\u00e7\u00f5es &hellip;<\/p>\n<p class=\"read-more\"> <a class=\"\" href=\"https:\/\/treicap.com.br\/ead\/nr-10\/\"> <span class=\"screen-reader-text\">NR-10<\/span> Leia mais \u00bb<\/a><\/p>\n","protected":false},"author":1,"featured_media":0,"parent":0,"menu_order":0,"comment_status":"closed","ping_status":"closed","template":"","meta":{"footnotes":""},"class_list":["post-26200","page","type-page","status-publish","hentry"],"_links":{"self":[{"href":"https:\/\/treicap.com.br\/ead\/wp-json\/wp\/v2\/pages\/26200","targetHints":{"allow":["GET"]}}],"collection":[{"href":"https:\/\/treicap.com.br\/ead\/wp-json\/wp\/v2\/pages"}],"about":[{"href":"https:\/\/treicap.com.br\/ead\/wp-json\/wp\/v2\/types\/page"}],"author":[{"embeddable":true,"href":"https:\/\/treicap.com.br\/ead\/wp-json\/wp\/v2\/users\/1"}],"replies":[{"embeddable":true,"href":"https:\/\/treicap.com.br\/ead\/wp-json\/wp\/v2\/comments?post=26200"}],"version-history":[{"count":14,"href":"https:\/\/treicap.com.br\/ead\/wp-json\/wp\/v2\/pages\/26200\/revisions"}],"predecessor-version":[{"id":26361,"href":"https:\/\/treicap.com.br\/ead\/wp-json\/wp\/v2\/pages\/26200\/revisions\/26361"}],"wp:attachment":[{"href":"https:\/\/treicap.com.br\/ead\/wp-json\/wp\/v2\/media?parent=26200"}],"curies":[{"name":"wp","href":"https:\/\/api.w.org\/{rel}","templated":true}]}}