{"id":26206,"date":"2021-03-31T17:51:48","date_gmt":"2021-03-31T17:51:48","guid":{"rendered":"https:\/\/treicap.com.br\/ead\/?page_id=26206"},"modified":"2021-04-06T17:37:12","modified_gmt":"2021-04-06T17:37:12","slug":"nr-17","status":"publish","type":"page","link":"https:\/\/treicap.com.br\/ead\/nr-17\/","title":{"rendered":"NR-17"},"content":{"rendered":"\t\t<div data-elementor-type=\"wp-page\" data-elementor-id=\"26206\" class=\"elementor elementor-26206\" data-elementor-settings=\"[]\">\n\t\t\t\t\t\t<div class=\"elementor-inner\">\n\t\t\t\t\t\t\t<div class=\"elementor-section-wrap\">\n\t\t\t\t\t\t\t<section class=\"elementor-section elementor-top-section elementor-element elementor-element-21827b4d elementor-reverse-mobile elementor-section-boxed elementor-section-height-default elementor-section-height-default\" data-id=\"21827b4d\" data-element_type=\"section\" data-settings=\"{&quot;background_background&quot;:&quot;classic&quot;}\">\n\t\t\t\t\t\t<div class=\"elementor-container elementor-column-gap-wide\">\n\t\t\t\t\t\t\t<div class=\"elementor-row\">\n\t\t\t\t\t<div class=\"elementor-column elementor-col-100 elementor-top-column elementor-element elementor-element-6cc2859\" data-id=\"6cc2859\" data-element_type=\"column\">\n\t\t\t<div class=\"elementor-column-wrap elementor-element-populated\">\n\t\t\t\t\t\t\t<div class=\"elementor-widget-wrap\">\n\t\t\t\t\t\t<div class=\"elementor-element elementor-element-51c34a3a elementor-widget elementor-widget-heading\" data-id=\"51c34a3a\" data-element_type=\"widget\" data-widget_type=\"heading.default\">\n\t\t\t\t<div class=\"elementor-widget-container\">\n\t\t\t<h2 class=\"elementor-heading-title elementor-size-default\">NR 17 - Ergonomia<\/h2>\t\t<\/div>\n\t\t\t\t<\/div>\n\t\t\t\t\t\t<\/div>\n\t\t\t\t\t<\/div>\n\t\t<\/div>\n\t\t\t\t\t\t\t\t<\/div>\n\t\t\t\t\t<\/div>\n\t\t<\/section>\n\t\t\t\t<section class=\"elementor-section elementor-top-section elementor-element elementor-element-55ca6480 elementor-reverse-mobile elementor-section-boxed elementor-section-height-default elementor-section-height-default\" data-id=\"55ca6480\" data-element_type=\"section\" data-settings=\"{&quot;background_background&quot;:&quot;classic&quot;}\">\n\t\t\t\t\t\t<div class=\"elementor-container elementor-column-gap-wide\">\n\t\t\t\t\t\t\t<div class=\"elementor-row\">\n\t\t\t\t\t<div class=\"elementor-column elementor-col-50 elementor-top-column elementor-element elementor-element-20665d1b\" data-id=\"20665d1b\" data-element_type=\"column\">\n\t\t\t<div class=\"elementor-column-wrap elementor-element-populated\">\n\t\t\t\t\t\t\t<div class=\"elementor-widget-wrap\">\n\t\t\t\t\t\t<div class=\"elementor-element elementor-element-e8d097d elementor-widget elementor-widget-heading\" data-id=\"e8d097d\" data-element_type=\"widget\" data-widget_type=\"heading.default\">\n\t\t\t\t<div class=\"elementor-widget-container\">\n\t\t\t<h3 class=\"elementor-heading-title elementor-size-default\">Objetivo<\/h3>\t\t<\/div>\n\t\t\t\t<\/div>\n\t\t\t\t<div class=\"elementor-element elementor-element-450f6cf elementor-widget elementor-widget-text-editor\" data-id=\"450f6cf\" data-element_type=\"widget\" data-widget_type=\"text-editor.default\">\n\t\t\t\t<div class=\"elementor-widget-container\">\n\t\t\t\t\t\t\t\t<div class=\"elementor-text-editor elementor-clearfix\">\n\t\t\t\t\t<p>Compreender sobre as les\u00f5es por esfor\u00e7os repetitivos, doen\u00e7as ocupacionais, postura correta e incorreta e a import\u00e2ncia da fisioterapia do trabalho muscular, visando o conforto dos trabalhadores, a prote\u00e7\u00e3o, em especial a NR 17.<\/p>\t\t\t\t\t<\/div>\n\t\t\t\t\t\t<\/div>\n\t\t\t\t<\/div>\n\t\t\t\t<div class=\"elementor-element elementor-element-77b270e6 elementor-widget elementor-widget-heading\" data-id=\"77b270e6\" data-element_type=\"widget\" data-widget_type=\"heading.default\">\n\t\t\t\t<div class=\"elementor-widget-container\">\n\t\t\t<h3 class=\"elementor-heading-title elementor-size-default\">P\u00fablico Alvo<\/h3>\t\t<\/div>\n\t\t\t\t<\/div>\n\t\t\t\t<div class=\"elementor-element elementor-element-50b36393 elementor-widget elementor-widget-text-editor\" data-id=\"50b36393\" data-element_type=\"widget\" data-widget_type=\"text-editor.default\">\n\t\t\t\t<div class=\"elementor-widget-container\">\n\t\t\t\t\t\t\t\t<div class=\"elementor-text-editor elementor-clearfix\">\n\t\t\t\t\t<p>Profissionais de diversas \u00e1reas que se encontram expostos a riscos ergon\u00f4micos decorrentes do exerc\u00edcio de suas atividades<\/p>\t\t\t\t\t<\/div>\n\t\t\t\t\t\t<\/div>\n\t\t\t\t<\/div>\n\t\t\t\t\t\t<\/div>\n\t\t\t\t\t<\/div>\n\t\t<\/div>\n\t\t\t\t<div class=\"elementor-column elementor-col-50 elementor-top-column elementor-element elementor-element-e81f4b5\" data-id=\"e81f4b5\" data-element_type=\"column\">\n\t\t\t<div class=\"elementor-column-wrap elementor-element-populated\">\n\t\t\t\t\t\t\t<div class=\"elementor-widget-wrap\">\n\t\t\t\t\t\t<div class=\"elementor-element elementor-element-35d2d712 elementor-widget elementor-widget-image\" data-id=\"35d2d712\" data-element_type=\"widget\" data-widget_type=\"image.default\">\n\t\t\t\t<div class=\"elementor-widget-container\">\n\t\t\t\t\t\t\t\t<div class=\"elementor-image\">\n\t\t\t\t\t\t\t\t\t\t\t\t<img loading=\"lazy\" decoding=\"async\" width=\"540\" height=\"540\" src=\"https:\/\/treicap.com.br\/ead\/wp-content\/uploads\/2021\/03\/Design-sem-nome-24.png\" class=\"attachment-large size-large\" alt=\"\" srcset=\"https:\/\/treicap.com.br\/ead\/wp-content\/uploads\/2021\/03\/Design-sem-nome-24.png 540w, https:\/\/treicap.com.br\/ead\/wp-content\/uploads\/2021\/03\/Design-sem-nome-24-300x300.png 300w, https:\/\/treicap.com.br\/ead\/wp-content\/uploads\/2021\/03\/Design-sem-nome-24-150x150.png 150w, https:\/\/treicap.com.br\/ead\/wp-content\/uploads\/2021\/03\/Design-sem-nome-24-100x100.png 100w\" sizes=\"auto, (max-width: 540px) 100vw, 540px\" \/>\t\t\t\t\t\t\t\t\t\t\t\t\t\t<\/div>\n\t\t\t\t\t\t<\/div>\n\t\t\t\t<\/div>\n\t\t\t\t\t\t<\/div>\n\t\t\t\t\t<\/div>\n\t\t<\/div>\n\t\t\t\t\t\t\t\t<\/div>\n\t\t\t\t\t<\/div>\n\t\t<\/section>\n\t\t\t\t<section class=\"elementor-section elementor-top-section elementor-element elementor-element-3a60b59e elementor-section-content-middle elementor-section-boxed elementor-section-height-default elementor-section-height-default\" data-id=\"3a60b59e\" data-element_type=\"section\" data-settings=\"{&quot;background_background&quot;:&quot;classic&quot;}\">\n\t\t\t\t\t\t<div class=\"elementor-container elementor-column-gap-wide\">\n\t\t\t\t\t\t\t<div class=\"elementor-row\">\n\t\t\t\t\t<div class=\"elementor-column elementor-col-100 elementor-top-column elementor-element elementor-element-173d0818\" data-id=\"173d0818\" data-element_type=\"column\">\n\t\t\t<div class=\"elementor-column-wrap elementor-element-populated\">\n\t\t\t\t\t\t\t<div class=\"elementor-widget-wrap\">\n\t\t\t\t\t\t<div class=\"elementor-element elementor-element-69a598e0 elementor-widget elementor-widget-spacer\" data-id=\"69a598e0\" data-element_type=\"widget\" data-widget_type=\"spacer.default\">\n\t\t\t\t<div class=\"elementor-widget-container\">\n\t\t\t\t\t<div class=\"elementor-spacer\">\n\t\t\t<div class=\"elementor-spacer-inner\"><\/div>\n\t\t<\/div>\n\t\t\t\t<\/div>\n\t\t\t\t<\/div>\n\t\t\t\t<div class=\"elementor-element elementor-element-63999b47 elementor-widget elementor-widget-heading\" data-id=\"63999b47\" data-element_type=\"widget\" data-widget_type=\"heading.default\">\n\t\t\t\t<div class=\"elementor-widget-container\">\n\t\t\t<h3 class=\"elementor-heading-title elementor-size-default\">Conte\u00fado Program\u00e1tico<\/h3>\t\t<\/div>\n\t\t\t\t<\/div>\n\t\t\t\t<div class=\"elementor-element elementor-element-5b253712 elementor-widget elementor-widget-text-editor\" data-id=\"5b253712\" data-element_type=\"widget\" data-widget_type=\"text-editor.default\">\n\t\t\t\t<div class=\"elementor-widget-container\">\n\t\t\t\t\t\t\t\t<div class=\"elementor-text-editor elementor-clearfix\">\n\t\t\t\t\t<ol>\n<li>Ergonomia<br>1.1 Conceitos, Defini\u00e7\u00f5es e Tipos<br>1.2 Entendimento da NR 17<\/li>\n<li>Postos de Trabalho Adequados e Inadequados<\/li>\n<li>Fatores de Risco no Manuseio e Movimenta\u00e7\u00e3o de Carga Manual<br>3.1 T\u00e9cnicas de Manuseio e Solu\u00e7\u00f5es Pr\u00e1ticas<\/li>\n<li>Preven\u00e7\u00e3o de Sobrecarga no Trabalho<\/li>\n<li>No\u00e7\u00f5es Sobre os Fatores de Risco<\/li>\n<li>Ajuste de Mobili\u00e1rios e Equipamentos dos Postos de Trabalho<\/li>\n<\/ol>\n<p style=\"padding-left: 40px;\"><strong>Carga Hor\u00e1ria: <\/strong>08&nbsp;horas<\/p>\t\t\t\t\t<\/div>\n\t\t\t\t\t\t<\/div>\n\t\t\t\t<\/div>\n\t\t\t\t\t\t<\/div>\n\t\t\t\t\t<\/div>\n\t\t<\/div>\n\t\t\t\t\t\t\t\t<\/div>\n\t\t\t\t\t<\/div>\n\t\t<\/section>\n\t\t\t\t<section class=\"elementor-section elementor-top-section elementor-element elementor-element-739279de elementor-section-content-middle elementor-section-boxed elementor-section-height-default elementor-section-height-default\" data-id=\"739279de\" data-element_type=\"section\" data-settings=\"{&quot;background_background&quot;:&quot;classic&quot;}\">\n\t\t\t\t\t\t<div class=\"elementor-container elementor-column-gap-wide\">\n\t\t\t\t\t\t\t<div class=\"elementor-row\">\n\t\t\t\t\t<div class=\"elementor-column elementor-col-50 elementor-top-column elementor-element elementor-element-4a39fbad\" data-id=\"4a39fbad\" data-element_type=\"column\">\n\t\t\t<div class=\"elementor-column-wrap elementor-element-populated\">\n\t\t\t\t\t\t\t<div class=\"elementor-widget-wrap\">\n\t\t\t\t\t\t<div class=\"elementor-element elementor-element-392f2032 elementor-widget elementor-widget-image\" data-id=\"392f2032\" data-element_type=\"widget\" data-widget_type=\"image.default\">\n\t\t\t\t<div class=\"elementor-widget-container\">\n\t\t\t\t\t\t\t\t<div class=\"elementor-image\">\n\t\t\t\t\t\t\t\t\t\t\t\t<img loading=\"lazy\" decoding=\"async\" width=\"1280\" height=\"856\" src=\"https:\/\/treicap.com.br\/ead\/wp-content\/uploads\/2021\/03\/WhatsApp-Image-2021-03-26-at-10.26.48.jpeg\" class=\"attachment-full size-full\" alt=\"\" srcset=\"https:\/\/treicap.com.br\/ead\/wp-content\/uploads\/2021\/03\/WhatsApp-Image-2021-03-26-at-10.26.48.jpeg 1280w, https:\/\/treicap.com.br\/ead\/wp-content\/uploads\/2021\/03\/WhatsApp-Image-2021-03-26-at-10.26.48-300x201.jpeg 300w, https:\/\/treicap.com.br\/ead\/wp-content\/uploads\/2021\/03\/WhatsApp-Image-2021-03-26-at-10.26.48-1024x685.jpeg 1024w, https:\/\/treicap.com.br\/ead\/wp-content\/uploads\/2021\/03\/WhatsApp-Image-2021-03-26-at-10.26.48-768x514.jpeg 768w, https:\/\/treicap.com.br\/ead\/wp-content\/uploads\/2021\/03\/WhatsApp-Image-2021-03-26-at-10.26.48-600x401.jpeg 600w\" sizes=\"auto, (max-width: 1280px) 100vw, 1280px\" \/>\t\t\t\t\t\t\t\t\t\t\t\t\t\t<\/div>\n\t\t\t\t\t\t<\/div>\n\t\t\t\t<\/div>\n\t\t\t\t<div class=\"elementor-element elementor-element-14ac9ec2 elementor-widget elementor-widget-spacer\" data-id=\"14ac9ec2\" data-element_type=\"widget\" data-widget_type=\"spacer.default\">\n\t\t\t\t<div class=\"elementor-widget-container\">\n\t\t\t\t\t<div class=\"elementor-spacer\">\n\t\t\t<div class=\"elementor-spacer-inner\"><\/div>\n\t\t<\/div>\n\t\t\t\t<\/div>\n\t\t\t\t<\/div>\n\t\t\t\t<div class=\"elementor-element elementor-element-7077656c elementor-widget elementor-widget-heading\" data-id=\"7077656c\" data-element_type=\"widget\" data-widget_type=\"heading.default\">\n\t\t\t\t<div class=\"elementor-widget-container\">\n\t\t\t<h3 class=\"elementor-heading-title elementor-size-default\">Certificado<\/h3>\t\t<\/div>\n\t\t\t\t<\/div>\n\t\t\t\t<div class=\"elementor-element elementor-element-5fb30a16 elementor-widget__width-initial elementor-widget elementor-widget-text-editor\" data-id=\"5fb30a16\" data-element_type=\"widget\" data-widget_type=\"text-editor.default\">\n\t\t\t\t<div class=\"elementor-widget-container\">\n\t\t\t\t\t\t\t\t<div class=\"elementor-text-editor elementor-clearfix\">\n\t\t\t\t\t<p style=\"text-align: left;\">Ser\u00e1 emitido um certificado para cada treinando contendo o nome e CPF do mesmo, conte\u00fado program\u00e1tico, carga hor\u00e1ria, data, com as assinaturas do coordenador de seguran\u00e7a do trabalho, instrutor e do engenheiro respons\u00e1vel t\u00e9cnico pelo treinamento.<br>Os certificados ser\u00e3o disponibilizados desde que o treinando atinja m\u00e9dia igual ou superior a 7,0.<br>Para cada certificado ser\u00e1 emitido um n\u00famero de registro que ser\u00e1 impresso junto ao mesmo para verifica\u00e7\u00e3o de autenticidade atrav\u00e9s do site: <a href=\"http:\/\/www.treicap.com.br\">www.treicap.com.br&nbsp;<\/a><\/p>\t\t\t\t\t<\/div>\n\t\t\t\t\t\t<\/div>\n\t\t\t\t<\/div>\n\t\t\t\t\t\t<\/div>\n\t\t\t\t\t<\/div>\n\t\t<\/div>\n\t\t\t\t<div class=\"elementor-column elementor-col-50 elementor-top-column elementor-element elementor-element-106d58a0\" data-id=\"106d58a0\" data-element_type=\"column\" data-settings=\"{&quot;background_background&quot;:&quot;classic&quot;}\">\n\t\t\t<div class=\"elementor-column-wrap elementor-element-populated\">\n\t\t\t\t\t\t\t<div class=\"elementor-widget-wrap\">\n\t\t\t\t\t\t<div class=\"elementor-element elementor-element-3da700d5 elementor-widget-divider--view-line_text elementor-widget-divider--element-align-center elementor-widget elementor-widget-divider\" data-id=\"3da700d5\" data-element_type=\"widget\" data-widget_type=\"divider.default\">\n\t\t\t\t<div class=\"elementor-widget-container\">\n\t\t\t\t\t<div class=\"elementor-divider\">\n\t\t\t<span class=\"elementor-divider-separator\">\n\t\t\t\t\t\t\t<span class=\"elementor-divider__text elementor-divider__element\"><b>Investimento<\/b><\/span>\n\t\t\t\t\t\t<\/span>\n\t\t<\/div>\n\t\t\t\t<\/div>\n\t\t\t\t<\/div>\n\t\t\t\t<div class=\"elementor-element elementor-element-53a651b1 elementor-widget elementor-widget-heading\" data-id=\"53a651b1\" data-element_type=\"widget\" data-widget_type=\"heading.default\">\n\t\t\t\t<div class=\"elementor-widget-container\">\n\t\t\t<h4 class=\"elementor-heading-title elementor-size-default\">R$ 125,00<\/h4>\t\t<\/div>\n\t\t\t\t<\/div>\n\t\t\t\t<div class=\"elementor-element elementor-element-15e67ed6 elementor-widget elementor-widget-heading\" data-id=\"15e67ed6\" data-element_type=\"widget\" data-widget_type=\"heading.default\">\n\t\t\t\t<div class=\"elementor-widget-container\">\n\t\t\t<p class=\"elementor-heading-title elementor-size-default\">R$ 90,00<\/p>\t\t<\/div>\n\t\t\t\t<\/div>\n\t\t\t\t<div class=\"elementor-element elementor-element-2d7c31f8 elementor-align-justify elementor-mobile-align-center elementor-widget elementor-widget-button\" data-id=\"2d7c31f8\" data-element_type=\"widget\" data-widget_type=\"button.default\">\n\t\t\t\t<div class=\"elementor-widget-container\">\n\t\t\t\t\t<div class=\"elementor-button-wrapper\">\n\t\t\t<a href=\"https:\/\/api.whatsapp.com\/send?phone=5527996876522&#038;text=Ol%C3%A1%2C%20me%20interessei%20pelo%20curso!\" class=\"elementor-button-link elementor-button elementor-size-lg elementor-animation-grow\" role=\"button\">\n\t\t\t\t\t\t<span class=\"elementor-button-content-wrapper\">\n\t\t\t\t\t\t<span class=\"elementor-button-icon elementor-align-icon-left\">\n\t\t\t\t<i aria-hidden=\"true\" class=\"fas fa-shopping-cart\"><\/i>\t\t\t<\/span>\n\t\t\t\t\t\t<span class=\"elementor-button-text\">GARANTA ESSA OFERTA<\/span>\n\t\t<\/span>\n\t\t\t\t\t<\/a>\n\t\t<\/div>\n\t\t\t\t<\/div>\n\t\t\t\t<\/div>\n\t\t\t\t<div class=\"elementor-element elementor-element-e259d9d elementor-widget elementor-widget-text-editor\" data-id=\"e259d9d\" data-element_type=\"widget\" data-widget_type=\"text-editor.default\">\n\t\t\t\t<div class=\"elementor-widget-container\">\n\t\t\t\t\t\t\t\t<div class=\"elementor-text-editor elementor-clearfix\">\n\t\t\t\t\t<p style=\"text-align: center;\">Caso seja uma empresa e queira comprar mais de uma unidade, possu\u00edmos uma oferta especial para voc\u00ea.<\/p>\t\t\t\t\t<\/div>\n\t\t\t\t\t\t<\/div>\n\t\t\t\t<\/div>\n\t\t\t\t<div class=\"elementor-element elementor-element-4d33044c elementor-align-justify elementor-mobile-align-center elementor-widget elementor-widget-button\" data-id=\"4d33044c\" data-element_type=\"widget\" data-widget_type=\"button.default\">\n\t\t\t\t<div class=\"elementor-widget-container\">\n\t\t\t\t\t<div class=\"elementor-button-wrapper\">\n\t\t\t<a href=\"https:\/\/api.whatsapp.com\/send?phone=5527996876522&#038;text=Ol%C3%A1%2C%20me%20interessei%20pelo%20curso!\" class=\"elementor-button-link elementor-button elementor-size-lg elementor-animation-grow\" role=\"button\">\n\t\t\t\t\t\t<span class=\"elementor-button-content-wrapper\">\n\t\t\t\t\t\t<span class=\"elementor-button-icon elementor-align-icon-left\">\n\t\t\t\t<i aria-hidden=\"true\" class=\"fab fa-whatsapp\"><\/i>\t\t\t<\/span>\n\t\t\t\t\t\t<span class=\"elementor-button-text\">GARANTA ESSA OFERTA<\/span>\n\t\t<\/span>\n\t\t\t\t\t<\/a>\n\t\t<\/div>\n\t\t\t\t<\/div>\n\t\t\t\t<\/div>\n\t\t\t\t<div class=\"elementor-element elementor-element-589eb65d elementor-widget elementor-widget-spacer\" data-id=\"589eb65d\" data-element_type=\"widget\" data-widget_type=\"spacer.default\">\n\t\t\t\t<div class=\"elementor-widget-container\">\n\t\t\t\t\t<div class=\"elementor-spacer\">\n\t\t\t<div class=\"elementor-spacer-inner\"><\/div>\n\t\t<\/div>\n\t\t\t\t<\/div>\n\t\t\t\t<\/div>\n\t\t\t\t\t\t<\/div>\n\t\t\t\t\t<\/div>\n\t\t<\/div>\n\t\t\t\t\t\t\t\t<\/div>\n\t\t\t\t\t<\/div>\n\t\t<\/section>\n\t\t\t\t\t\t<\/div>\n\t\t\t\t\t\t<\/div>\n\t\t\t\t\t<\/div>\n\t\t","protected":false},"excerpt":{"rendered":"<p>NR 17 &#8211; Ergonomia Objetivo Compreender sobre as les\u00f5es por esfor\u00e7os repetitivos, doen\u00e7as ocupacionais, postura correta e incorreta e a import\u00e2ncia da fisioterapia do trabalho muscular, visando o conforto dos trabalhadores, a prote\u00e7\u00e3o, em especial a NR 17. P\u00fablico Alvo Profissionais de diversas \u00e1reas que se encontram expostos a riscos ergon\u00f4micos decorrentes do exerc\u00edcio de &hellip;<\/p>\n<p class=\"read-more\"> <a class=\"\" href=\"https:\/\/treicap.com.br\/ead\/nr-17\/\"> <span class=\"screen-reader-text\">NR-17<\/span> Leia mais \u00bb<\/a><\/p>\n","protected":false},"author":1,"featured_media":0,"parent":0,"menu_order":0,"comment_status":"closed","ping_status":"closed","template":"","meta":{"footnotes":""},"class_list":["post-26206","page","type-page","status-publish","hentry"],"_links":{"self":[{"href":"https:\/\/treicap.com.br\/ead\/wp-json\/wp\/v2\/pages\/26206","targetHints":{"allow":["GET"]}}],"collection":[{"href":"https:\/\/treicap.com.br\/ead\/wp-json\/wp\/v2\/pages"}],"about":[{"href":"https:\/\/treicap.com.br\/ead\/wp-json\/wp\/v2\/types\/page"}],"author":[{"embeddable":true,"href":"https:\/\/treicap.com.br\/ead\/wp-json\/wp\/v2\/users\/1"}],"replies":[{"embeddable":true,"href":"https:\/\/treicap.com.br\/ead\/wp-json\/wp\/v2\/comments?post=26206"}],"version-history":[{"count":16,"href":"https:\/\/treicap.com.br\/ead\/wp-json\/wp\/v2\/pages\/26206\/revisions"}],"predecessor-version":[{"id":26351,"href":"https:\/\/treicap.com.br\/ead\/wp-json\/wp\/v2\/pages\/26206\/revisions\/26351"}],"wp:attachment":[{"href":"https:\/\/treicap.com.br\/ead\/wp-json\/wp\/v2\/media?parent=26206"}],"curies":[{"name":"wp","href":"https:\/\/api.w.org\/{rel}","templated":true}]}}