{"id":26225,"date":"2021-03-31T18:11:05","date_gmt":"2021-03-31T18:11:05","guid":{"rendered":"https:\/\/treicap.com.br\/ead\/?page_id=26225"},"modified":"2021-04-06T19:31:37","modified_gmt":"2021-04-06T19:31:37","slug":"nr-10-reciclagem","status":"publish","type":"page","link":"https:\/\/treicap.com.br\/ead\/nr-10-reciclagem\/","title":{"rendered":"NR-10"},"content":{"rendered":"\t\t<div data-elementor-type=\"wp-page\" data-elementor-id=\"26225\" class=\"elementor elementor-26225\" data-elementor-settings=\"[]\">\n\t\t\t\t\t\t<div class=\"elementor-inner\">\n\t\t\t\t\t\t\t<div class=\"elementor-section-wrap\">\n\t\t\t\t\t\t\t<section class=\"elementor-section elementor-top-section elementor-element elementor-element-27ec3353 elementor-reverse-mobile elementor-section-boxed elementor-section-height-default elementor-section-height-default\" data-id=\"27ec3353\" data-element_type=\"section\" data-settings=\"{&quot;background_background&quot;:&quot;classic&quot;}\">\n\t\t\t\t\t\t<div class=\"elementor-container elementor-column-gap-wide\">\n\t\t\t\t\t\t\t<div class=\"elementor-row\">\n\t\t\t\t\t<div class=\"elementor-column elementor-col-100 elementor-top-column elementor-element elementor-element-6978a2eb\" data-id=\"6978a2eb\" data-element_type=\"column\">\n\t\t\t<div class=\"elementor-column-wrap elementor-element-populated\">\n\t\t\t\t\t\t\t<div class=\"elementor-widget-wrap\">\n\t\t\t\t\t\t<div class=\"elementor-element elementor-element-6d2ec19d elementor-widget elementor-widget-heading\" data-id=\"6d2ec19d\" data-element_type=\"widget\" data-widget_type=\"heading.default\">\n\t\t\t\t<div class=\"elementor-widget-container\">\n\t\t\t<h2 class=\"elementor-heading-title elementor-size-default\">NR 10 - Seguran\u00e7a no Sistema El\u00e9trico de Pot\u00eancia (SEP) e em Suas Proximidades - Reciclagem<\/h2>\t\t<\/div>\n\t\t\t\t<\/div>\n\t\t\t\t\t\t<\/div>\n\t\t\t\t\t<\/div>\n\t\t<\/div>\n\t\t\t\t\t\t\t\t<\/div>\n\t\t\t\t\t<\/div>\n\t\t<\/section>\n\t\t\t\t<section class=\"elementor-section elementor-top-section elementor-element elementor-element-2e126f66 elementor-reverse-mobile elementor-section-boxed elementor-section-height-default elementor-section-height-default\" data-id=\"2e126f66\" data-element_type=\"section\" data-settings=\"{&quot;background_background&quot;:&quot;classic&quot;}\">\n\t\t\t\t\t\t<div class=\"elementor-container elementor-column-gap-wide\">\n\t\t\t\t\t\t\t<div class=\"elementor-row\">\n\t\t\t\t\t<div class=\"elementor-column elementor-col-50 elementor-top-column elementor-element elementor-element-260fd2ad\" data-id=\"260fd2ad\" data-element_type=\"column\">\n\t\t\t<div class=\"elementor-column-wrap elementor-element-populated\">\n\t\t\t\t\t\t\t<div class=\"elementor-widget-wrap\">\n\t\t\t\t\t\t<div class=\"elementor-element elementor-element-62ab65c elementor-widget elementor-widget-heading\" data-id=\"62ab65c\" data-element_type=\"widget\" data-widget_type=\"heading.default\">\n\t\t\t\t<div class=\"elementor-widget-container\">\n\t\t\t<h3 class=\"elementor-heading-title elementor-size-default\">Objetivo<\/h3>\t\t<\/div>\n\t\t\t\t<\/div>\n\t\t\t\t<div class=\"elementor-element elementor-element-53eba132 elementor-widget elementor-widget-text-editor\" data-id=\"53eba132\" data-element_type=\"widget\" data-widget_type=\"text-editor.default\">\n\t\t\t\t<div class=\"elementor-widget-container\">\n\t\t\t\t\t\t\t\t<div class=\"elementor-text-editor elementor-clearfix\">\n\t\t\t\t\t<p>Aperfei\u00e7oar as pr\u00e1ticas de seguran\u00e7a dos profissionais que atuam em atividades com Sistema El\u00e9trico de Pot\u00eancia.<\/p>\t\t\t\t\t<\/div>\n\t\t\t\t\t\t<\/div>\n\t\t\t\t<\/div>\n\t\t\t\t<div class=\"elementor-element elementor-element-4b9aad65 elementor-widget elementor-widget-heading\" data-id=\"4b9aad65\" data-element_type=\"widget\" data-widget_type=\"heading.default\">\n\t\t\t\t<div class=\"elementor-widget-container\">\n\t\t\t<h3 class=\"elementor-heading-title elementor-size-default\">P\u00fablico Alvo<\/h3>\t\t<\/div>\n\t\t\t\t<\/div>\n\t\t\t\t<div class=\"elementor-element elementor-element-6d7f8039 elementor-widget elementor-widget-text-editor\" data-id=\"6d7f8039\" data-element_type=\"widget\" data-widget_type=\"text-editor.default\">\n\t\t\t\t<div class=\"elementor-widget-container\">\n\t\t\t\t\t\t\t\t<div class=\"elementor-text-editor elementor-clearfix\">\n\t\t\t\t\t<p class=\"MsoBodyText\" style=\"line-height: 150%;\"><span lang=\"X-NONE\" style=\"font-size: 12.0pt; line-height: 150%; mso-bidi-font-family: Arial;\">Profissionais que interajam em instala\u00e7\u00f5es el\u00e9tricas <\/span><span style=\"font-size: 12.0pt; line-height: 150%; mso-bidi-font-family: Arial; mso-ansi-language: PT-BR;\">e que j\u00e1 tenham conclu\u00eddo de modo satisfat\u00f3rio o curso de forma\u00e7\u00e3o (40 horas) da NR 10 m\u00f3dulo SEP.<\/span><\/p>\t\t\t\t\t<\/div>\n\t\t\t\t\t\t<\/div>\n\t\t\t\t<\/div>\n\t\t\t\t\t\t<\/div>\n\t\t\t\t\t<\/div>\n\t\t<\/div>\n\t\t\t\t<div class=\"elementor-column elementor-col-50 elementor-top-column elementor-element elementor-element-21cf6510\" data-id=\"21cf6510\" data-element_type=\"column\">\n\t\t\t<div class=\"elementor-column-wrap elementor-element-populated\">\n\t\t\t\t\t\t\t<div class=\"elementor-widget-wrap\">\n\t\t\t\t\t\t<div class=\"elementor-element elementor-element-75e6b59e elementor-widget elementor-widget-image\" data-id=\"75e6b59e\" data-element_type=\"widget\" data-widget_type=\"image.default\">\n\t\t\t\t<div class=\"elementor-widget-container\">\n\t\t\t\t\t\t\t\t<div class=\"elementor-image\">\n\t\t\t\t\t\t\t\t\t\t\t\t<img loading=\"lazy\" decoding=\"async\" width=\"540\" height=\"540\" src=\"https:\/\/treicap.com.br\/ead\/wp-content\/uploads\/2021\/03\/Design-sem-nome-27.png\" class=\"attachment-large size-large\" alt=\"\" srcset=\"https:\/\/treicap.com.br\/ead\/wp-content\/uploads\/2021\/03\/Design-sem-nome-27.png 540w, https:\/\/treicap.com.br\/ead\/wp-content\/uploads\/2021\/03\/Design-sem-nome-27-300x300.png 300w, https:\/\/treicap.com.br\/ead\/wp-content\/uploads\/2021\/03\/Design-sem-nome-27-150x150.png 150w, https:\/\/treicap.com.br\/ead\/wp-content\/uploads\/2021\/03\/Design-sem-nome-27-100x100.png 100w\" sizes=\"auto, (max-width: 540px) 100vw, 540px\" \/>\t\t\t\t\t\t\t\t\t\t\t\t\t\t<\/div>\n\t\t\t\t\t\t<\/div>\n\t\t\t\t<\/div>\n\t\t\t\t\t\t<\/div>\n\t\t\t\t\t<\/div>\n\t\t<\/div>\n\t\t\t\t\t\t\t\t<\/div>\n\t\t\t\t\t<\/div>\n\t\t<\/section>\n\t\t\t\t<section class=\"elementor-section elementor-top-section elementor-element elementor-element-5e768a63 elementor-section-content-middle elementor-section-boxed elementor-section-height-default elementor-section-height-default\" data-id=\"5e768a63\" data-element_type=\"section\" data-settings=\"{&quot;background_background&quot;:&quot;classic&quot;}\">\n\t\t\t\t\t\t<div class=\"elementor-container elementor-column-gap-wide\">\n\t\t\t\t\t\t\t<div class=\"elementor-row\">\n\t\t\t\t\t<div class=\"elementor-column elementor-col-100 elementor-top-column elementor-element elementor-element-139026a9\" data-id=\"139026a9\" data-element_type=\"column\">\n\t\t\t<div class=\"elementor-column-wrap elementor-element-populated\">\n\t\t\t\t\t\t\t<div class=\"elementor-widget-wrap\">\n\t\t\t\t\t\t<div class=\"elementor-element elementor-element-1ebf4c01 elementor-widget elementor-widget-spacer\" data-id=\"1ebf4c01\" data-element_type=\"widget\" data-widget_type=\"spacer.default\">\n\t\t\t\t<div class=\"elementor-widget-container\">\n\t\t\t\t\t<div class=\"elementor-spacer\">\n\t\t\t<div class=\"elementor-spacer-inner\"><\/div>\n\t\t<\/div>\n\t\t\t\t<\/div>\n\t\t\t\t<\/div>\n\t\t\t\t<div class=\"elementor-element elementor-element-3422b44b elementor-widget elementor-widget-heading\" data-id=\"3422b44b\" data-element_type=\"widget\" data-widget_type=\"heading.default\">\n\t\t\t\t<div class=\"elementor-widget-container\">\n\t\t\t<h3 class=\"elementor-heading-title elementor-size-default\">Conte\u00fado Program\u00e1tico<\/h3>\t\t<\/div>\n\t\t\t\t<\/div>\n\t\t\t\t<div class=\"elementor-element elementor-element-20610bb9 elementor-widget elementor-widget-text-editor\" data-id=\"20610bb9\" data-element_type=\"widget\" data-widget_type=\"text-editor.default\">\n\t\t\t\t<div class=\"elementor-widget-container\">\n\t\t\t\t\t\t\t\t<div class=\"elementor-text-editor elementor-clearfix\">\n\t\t\t\t\t<ol><li>Organiza\u00e7\u00e3o do Sistema El\u00e9trico de Potencia \u2013 SEP<\/li><li>Organiza\u00e7\u00e3o do Trabalho<\/li><li>Aspectos Comportamentais<\/li><li>Condi\u00e7\u00f5es Impeditivas para Servi\u00e7os<\/li><li>Riscos T\u00edpicos no SEP e sua Preven\u00e7\u00e3o<\/li><li>T\u00e9cnicas de An\u00e1lise de Risco no SEP<\/li><li>Procedimentos de Trabalho \u2013 An\u00e1lise e Discuss\u00e3o<\/li><li>T\u00e9cnicas de Trabalho Sob Tens\u00e3o<\/li><li>Equipamentos e Ferramentas de Trabalho<\/li><li>Conceitos e Pr\u00e1ticas Sobre os Equipamentos de Prote\u00e7\u00e3o: EPI e EPC<\/li><li>Posturas e Vestu\u00e1rios de Trabalho<\/li><li>Seguran\u00e7a com Ve\u00edculos e Transporte de Pessoas, Materiais e Equipamentos<\/li><li>Sinaliza\u00e7\u00e3o e Isolamento de \u00c1reas de Trabalho<\/li><li>Libera\u00e7\u00e3o de Instala\u00e7\u00e3o para Servi\u00e7o e para Opera\u00e7\u00e3o e Uso<\/li><li>Treinamento em T\u00e9cnicas de Remo\u00e7\u00e3o, Atendimento e Transporte de Acidentados<\/li><li>Acidentes T\u00edpicos: An\u00e1lise, Discuss\u00e3o e Medidas de Prote\u00e7\u00e3o<\/li><li>Responsabilidades<\/li><\/ol><p><strong>Carga Hor\u00e1ria: <\/strong>08 horas<\/p>\t\t\t\t\t<\/div>\n\t\t\t\t\t\t<\/div>\n\t\t\t\t<\/div>\n\t\t\t\t\t\t<\/div>\n\t\t\t\t\t<\/div>\n\t\t<\/div>\n\t\t\t\t\t\t\t\t<\/div>\n\t\t\t\t\t<\/div>\n\t\t<\/section>\n\t\t\t\t<section class=\"elementor-section elementor-top-section elementor-element elementor-element-6eb9f843 elementor-section-content-middle elementor-section-boxed elementor-section-height-default elementor-section-height-default\" data-id=\"6eb9f843\" data-element_type=\"section\" data-settings=\"{&quot;background_background&quot;:&quot;classic&quot;}\">\n\t\t\t\t\t\t<div class=\"elementor-container elementor-column-gap-wide\">\n\t\t\t\t\t\t\t<div class=\"elementor-row\">\n\t\t\t\t\t<div class=\"elementor-column elementor-col-50 elementor-top-column elementor-element elementor-element-5584d59d\" data-id=\"5584d59d\" data-element_type=\"column\">\n\t\t\t<div class=\"elementor-column-wrap elementor-element-populated\">\n\t\t\t\t\t\t\t<div class=\"elementor-widget-wrap\">\n\t\t\t\t\t\t<div class=\"elementor-element elementor-element-6918ae94 elementor-widget elementor-widget-image\" data-id=\"6918ae94\" data-element_type=\"widget\" data-widget_type=\"image.default\">\n\t\t\t\t<div class=\"elementor-widget-container\">\n\t\t\t\t\t\t\t\t<div class=\"elementor-image\">\n\t\t\t\t\t\t\t\t\t\t\t\t<img loading=\"lazy\" decoding=\"async\" width=\"1280\" height=\"856\" src=\"https:\/\/treicap.com.br\/ead\/wp-content\/uploads\/2021\/03\/WhatsApp-Image-2021-03-26-at-10.26.48.jpeg\" class=\"attachment-full size-full\" alt=\"\" srcset=\"https:\/\/treicap.com.br\/ead\/wp-content\/uploads\/2021\/03\/WhatsApp-Image-2021-03-26-at-10.26.48.jpeg 1280w, https:\/\/treicap.com.br\/ead\/wp-content\/uploads\/2021\/03\/WhatsApp-Image-2021-03-26-at-10.26.48-300x201.jpeg 300w, https:\/\/treicap.com.br\/ead\/wp-content\/uploads\/2021\/03\/WhatsApp-Image-2021-03-26-at-10.26.48-1024x685.jpeg 1024w, https:\/\/treicap.com.br\/ead\/wp-content\/uploads\/2021\/03\/WhatsApp-Image-2021-03-26-at-10.26.48-768x514.jpeg 768w, https:\/\/treicap.com.br\/ead\/wp-content\/uploads\/2021\/03\/WhatsApp-Image-2021-03-26-at-10.26.48-600x401.jpeg 600w\" sizes=\"auto, (max-width: 1280px) 100vw, 1280px\" \/>\t\t\t\t\t\t\t\t\t\t\t\t\t\t<\/div>\n\t\t\t\t\t\t<\/div>\n\t\t\t\t<\/div>\n\t\t\t\t<div class=\"elementor-element elementor-element-55d613e elementor-widget elementor-widget-spacer\" data-id=\"55d613e\" data-element_type=\"widget\" data-widget_type=\"spacer.default\">\n\t\t\t\t<div class=\"elementor-widget-container\">\n\t\t\t\t\t<div class=\"elementor-spacer\">\n\t\t\t<div class=\"elementor-spacer-inner\"><\/div>\n\t\t<\/div>\n\t\t\t\t<\/div>\n\t\t\t\t<\/div>\n\t\t\t\t<div class=\"elementor-element elementor-element-66555dce elementor-widget elementor-widget-heading\" data-id=\"66555dce\" data-element_type=\"widget\" data-widget_type=\"heading.default\">\n\t\t\t\t<div class=\"elementor-widget-container\">\n\t\t\t<h3 class=\"elementor-heading-title elementor-size-default\">Certificado<\/h3>\t\t<\/div>\n\t\t\t\t<\/div>\n\t\t\t\t<div class=\"elementor-element elementor-element-7cbdfd60 elementor-widget__width-initial elementor-widget elementor-widget-text-editor\" data-id=\"7cbdfd60\" data-element_type=\"widget\" data-widget_type=\"text-editor.default\">\n\t\t\t\t<div class=\"elementor-widget-container\">\n\t\t\t\t\t\t\t\t<div class=\"elementor-text-editor elementor-clearfix\">\n\t\t\t\t\t<p style=\"text-align: left;\">Ser\u00e1 emitido um certificado para cada treinando contendo o nome e CPF do mesmo, conte\u00fado program\u00e1tico, carga hor\u00e1ria, data, com as assinaturas do coordenador de seguran\u00e7a do trabalho, instrutor e do engenheiro respons\u00e1vel t\u00e9cnico pelo treinamento.<br>Os certificados ser\u00e3o disponibilizados desde que o treinando atinja m\u00e9dia igual ou superior a 7,0.<br>Para cada certificado ser\u00e1 emitido um n\u00famero de registro que ser\u00e1 impresso junto ao mesmo para verifica\u00e7\u00e3o de autenticidade atrav\u00e9s do site: <a href=\"http:\/\/www.treicap.com.br\">www.treicap.com.br&nbsp;<\/a><\/p>\t\t\t\t\t<\/div>\n\t\t\t\t\t\t<\/div>\n\t\t\t\t<\/div>\n\t\t\t\t\t\t<\/div>\n\t\t\t\t\t<\/div>\n\t\t<\/div>\n\t\t\t\t<div class=\"elementor-column elementor-col-50 elementor-top-column elementor-element elementor-element-5e932e60\" data-id=\"5e932e60\" data-element_type=\"column\" data-settings=\"{&quot;background_background&quot;:&quot;classic&quot;}\">\n\t\t\t<div class=\"elementor-column-wrap elementor-element-populated\">\n\t\t\t\t\t\t\t<div class=\"elementor-widget-wrap\">\n\t\t\t\t\t\t<div class=\"elementor-element elementor-element-5d476315 elementor-widget-divider--view-line_text elementor-widget-divider--element-align-center elementor-widget elementor-widget-divider\" data-id=\"5d476315\" data-element_type=\"widget\" data-widget_type=\"divider.default\">\n\t\t\t\t<div class=\"elementor-widget-container\">\n\t\t\t\t\t<div class=\"elementor-divider\">\n\t\t\t<span class=\"elementor-divider-separator\">\n\t\t\t\t\t\t\t<span class=\"elementor-divider__text elementor-divider__element\"><b>Investimento<\/b><\/span>\n\t\t\t\t\t\t<\/span>\n\t\t<\/div>\n\t\t\t\t<\/div>\n\t\t\t\t<\/div>\n\t\t\t\t<div class=\"elementor-element elementor-element-c34b718 elementor-widget elementor-widget-heading\" data-id=\"c34b718\" data-element_type=\"widget\" data-widget_type=\"heading.default\">\n\t\t\t\t<div class=\"elementor-widget-container\">\n\t\t\t<h4 class=\"elementor-heading-title elementor-size-default\">R$ 125,00<\/h4>\t\t<\/div>\n\t\t\t\t<\/div>\n\t\t\t\t<div class=\"elementor-element elementor-element-6ac1ceb3 elementor-widget elementor-widget-heading\" data-id=\"6ac1ceb3\" data-element_type=\"widget\" data-widget_type=\"heading.default\">\n\t\t\t\t<div class=\"elementor-widget-container\">\n\t\t\t<p class=\"elementor-heading-title elementor-size-default\">R$ 90,00<\/p>\t\t<\/div>\n\t\t\t\t<\/div>\n\t\t\t\t<div class=\"elementor-element elementor-element-6fa6887 elementor-align-justify elementor-mobile-align-center elementor-widget elementor-widget-button\" data-id=\"6fa6887\" data-element_type=\"widget\" data-widget_type=\"button.default\">\n\t\t\t\t<div class=\"elementor-widget-container\">\n\t\t\t\t\t<div class=\"elementor-button-wrapper\">\n\t\t\t<a href=\"https:\/\/api.whatsapp.com\/send?phone=5527996876522&#038;text=Ol%C3%A1%2C%20me%20interessei%20pelo%20curso!\" class=\"elementor-button-link elementor-button elementor-size-lg elementor-animation-grow\" role=\"button\">\n\t\t\t\t\t\t<span class=\"elementor-button-content-wrapper\">\n\t\t\t\t\t\t<span class=\"elementor-button-icon elementor-align-icon-left\">\n\t\t\t\t<i aria-hidden=\"true\" class=\"fas fa-shopping-cart\"><\/i>\t\t\t<\/span>\n\t\t\t\t\t\t<span class=\"elementor-button-text\">GARANTA ESSA OFERTA<\/span>\n\t\t<\/span>\n\t\t\t\t\t<\/a>\n\t\t<\/div>\n\t\t\t\t<\/div>\n\t\t\t\t<\/div>\n\t\t\t\t<div class=\"elementor-element elementor-element-5dfe4690 elementor-widget elementor-widget-text-editor\" data-id=\"5dfe4690\" data-element_type=\"widget\" data-widget_type=\"text-editor.default\">\n\t\t\t\t<div class=\"elementor-widget-container\">\n\t\t\t\t\t\t\t\t<div class=\"elementor-text-editor elementor-clearfix\">\n\t\t\t\t\t<p style=\"text-align: center;\">Caso seja uma empresa e queira comprar mais de uma unidade, possu\u00edmos uma oferta especial para voc\u00ea.<\/p>\t\t\t\t\t<\/div>\n\t\t\t\t\t\t<\/div>\n\t\t\t\t<\/div>\n\t\t\t\t<div class=\"elementor-element elementor-element-728ed03d elementor-align-justify elementor-mobile-align-center elementor-widget elementor-widget-button\" data-id=\"728ed03d\" data-element_type=\"widget\" data-widget_type=\"button.default\">\n\t\t\t\t<div class=\"elementor-widget-container\">\n\t\t\t\t\t<div class=\"elementor-button-wrapper\">\n\t\t\t<a href=\"https:\/\/api.whatsapp.com\/send?phone=5527996876522&#038;text=Ol%C3%A1%2C%20me%20interessei%20pelo%20curso!\" class=\"elementor-button-link elementor-button elementor-size-lg elementor-animation-grow\" role=\"button\">\n\t\t\t\t\t\t<span class=\"elementor-button-content-wrapper\">\n\t\t\t\t\t\t<span class=\"elementor-button-icon elementor-align-icon-left\">\n\t\t\t\t<i aria-hidden=\"true\" class=\"fab fa-whatsapp\"><\/i>\t\t\t<\/span>\n\t\t\t\t\t\t<span class=\"elementor-button-text\">GARANTA ESSA OFERTA<\/span>\n\t\t<\/span>\n\t\t\t\t\t<\/a>\n\t\t<\/div>\n\t\t\t\t<\/div>\n\t\t\t\t<\/div>\n\t\t\t\t<div class=\"elementor-element elementor-element-310468f2 elementor-widget elementor-widget-spacer\" data-id=\"310468f2\" data-element_type=\"widget\" data-widget_type=\"spacer.default\">\n\t\t\t\t<div class=\"elementor-widget-container\">\n\t\t\t\t\t<div class=\"elementor-spacer\">\n\t\t\t<div class=\"elementor-spacer-inner\"><\/div>\n\t\t<\/div>\n\t\t\t\t<\/div>\n\t\t\t\t<\/div>\n\t\t\t\t\t\t<\/div>\n\t\t\t\t\t<\/div>\n\t\t<\/div>\n\t\t\t\t\t\t\t\t<\/div>\n\t\t\t\t\t<\/div>\n\t\t<\/section>\n\t\t\t\t\t\t<\/div>\n\t\t\t\t\t\t<\/div>\n\t\t\t\t\t<\/div>\n\t\t","protected":false},"excerpt":{"rendered":"<p>NR 10 &#8211; Seguran\u00e7a no Sistema El\u00e9trico de Pot\u00eancia (SEP) e em Suas Proximidades &#8211; Reciclagem Objetivo Aperfei\u00e7oar as pr\u00e1ticas de seguran\u00e7a dos profissionais que atuam em atividades com Sistema El\u00e9trico de Pot\u00eancia. P\u00fablico Alvo Profissionais que interajam em instala\u00e7\u00f5es el\u00e9tricas e que j\u00e1 tenham conclu\u00eddo de modo satisfat\u00f3rio o curso de forma\u00e7\u00e3o (40 horas) &hellip;<\/p>\n<p class=\"read-more\"> <a class=\"\" href=\"https:\/\/treicap.com.br\/ead\/nr-10-reciclagem\/\"> <span class=\"screen-reader-text\">NR-10<\/span> Leia mais \u00bb<\/a><\/p>\n","protected":false},"author":1,"featured_media":0,"parent":0,"menu_order":0,"comment_status":"closed","ping_status":"closed","template":"","meta":{"footnotes":""},"class_list":["post-26225","page","type-page","status-publish","hentry"],"_links":{"self":[{"href":"https:\/\/treicap.com.br\/ead\/wp-json\/wp\/v2\/pages\/26225","targetHints":{"allow":["GET"]}}],"collection":[{"href":"https:\/\/treicap.com.br\/ead\/wp-json\/wp\/v2\/pages"}],"about":[{"href":"https:\/\/treicap.com.br\/ead\/wp-json\/wp\/v2\/types\/page"}],"author":[{"embeddable":true,"href":"https:\/\/treicap.com.br\/ead\/wp-json\/wp\/v2\/users\/1"}],"replies":[{"embeddable":true,"href":"https:\/\/treicap.com.br\/ead\/wp-json\/wp\/v2\/comments?post=26225"}],"version-history":[{"count":19,"href":"https:\/\/treicap.com.br\/ead\/wp-json\/wp\/v2\/pages\/26225\/revisions"}],"predecessor-version":[{"id":26365,"href":"https:\/\/treicap.com.br\/ead\/wp-json\/wp\/v2\/pages\/26225\/revisions\/26365"}],"wp:attachment":[{"href":"https:\/\/treicap.com.br\/ead\/wp-json\/wp\/v2\/media?parent=26225"}],"curies":[{"name":"wp","href":"https:\/\/api.w.org\/{rel}","templated":true}]}}