{"id":26397,"date":"2021-04-06T20:17:45","date_gmt":"2021-04-06T20:17:45","guid":{"rendered":"https:\/\/treicap.com.br\/ead\/?page_id=26397"},"modified":"2021-04-20T12:22:18","modified_gmt":"2021-04-20T12:22:18","slug":"nr-33-02","status":"publish","type":"page","link":"https:\/\/treicap.com.br\/ead\/nr-33-02\/","title":{"rendered":"NR 33 &#8211; Espa\u00e7o Confinado para Vigias e Autorizados -Reciclagem\u200b"},"content":{"rendered":"\t\t<div data-elementor-type=\"wp-page\" data-elementor-id=\"26397\" class=\"elementor elementor-26397\" data-elementor-settings=\"[]\">\n\t\t\t\t\t\t<div class=\"elementor-inner\">\n\t\t\t\t\t\t\t<div class=\"elementor-section-wrap\">\n\t\t\t\t\t\t\t<section class=\"elementor-section elementor-top-section elementor-element elementor-element-6a129e70 elementor-reverse-mobile elementor-section-boxed elementor-section-height-default elementor-section-height-default\" data-id=\"6a129e70\" data-element_type=\"section\" data-settings=\"{&quot;background_background&quot;:&quot;classic&quot;}\">\n\t\t\t\t\t\t<div class=\"elementor-container elementor-column-gap-wide\">\n\t\t\t\t\t\t\t<div class=\"elementor-row\">\n\t\t\t\t\t<div class=\"elementor-column elementor-col-100 elementor-top-column elementor-element elementor-element-6c7b8bf\" data-id=\"6c7b8bf\" data-element_type=\"column\">\n\t\t\t<div class=\"elementor-column-wrap elementor-element-populated\">\n\t\t\t\t\t\t\t<div class=\"elementor-widget-wrap\">\n\t\t\t\t\t\t<div class=\"elementor-element elementor-element-1c5c2a09 elementor-widget elementor-widget-heading\" data-id=\"1c5c2a09\" data-element_type=\"widget\" data-widget_type=\"heading.default\">\n\t\t\t\t<div class=\"elementor-widget-container\">\n\t\t\t<h2 class=\"elementor-heading-title elementor-size-default\">NR 33 - Espa\u00e7o Confinado para Vigias e Autorizados - Reciclagem<\/h2>\t\t<\/div>\n\t\t\t\t<\/div>\n\t\t\t\t\t\t<\/div>\n\t\t\t\t\t<\/div>\n\t\t<\/div>\n\t\t\t\t\t\t\t\t<\/div>\n\t\t\t\t\t<\/div>\n\t\t<\/section>\n\t\t\t\t<section class=\"elementor-section elementor-top-section elementor-element elementor-element-645da2ca elementor-reverse-mobile elementor-section-boxed elementor-section-height-default elementor-section-height-default\" data-id=\"645da2ca\" data-element_type=\"section\" data-settings=\"{&quot;background_background&quot;:&quot;classic&quot;}\">\n\t\t\t\t\t\t<div class=\"elementor-container elementor-column-gap-wide\">\n\t\t\t\t\t\t\t<div class=\"elementor-row\">\n\t\t\t\t\t<div class=\"elementor-column elementor-col-50 elementor-top-column elementor-element elementor-element-4c8652cf\" data-id=\"4c8652cf\" data-element_type=\"column\">\n\t\t\t<div class=\"elementor-column-wrap elementor-element-populated\">\n\t\t\t\t\t\t\t<div class=\"elementor-widget-wrap\">\n\t\t\t\t\t\t<div class=\"elementor-element elementor-element-76d9a016 elementor-widget elementor-widget-heading\" data-id=\"76d9a016\" data-element_type=\"widget\" data-widget_type=\"heading.default\">\n\t\t\t\t<div class=\"elementor-widget-container\">\n\t\t\t<h3 class=\"elementor-heading-title elementor-size-default\">Objetivo<\/h3>\t\t<\/div>\n\t\t\t\t<\/div>\n\t\t\t\t<div class=\"elementor-element elementor-element-8eac4f1 elementor-widget elementor-widget-text-editor\" data-id=\"8eac4f1\" data-element_type=\"widget\" data-widget_type=\"text-editor.default\">\n\t\t\t\t<div class=\"elementor-widget-container\">\n\t\t\t\t\t\t\t\t<div class=\"elementor-text-editor elementor-clearfix\">\n\t\t\t\t\t<p style=\"line-height: 150%;\"><span style=\"mso-bidi-font-size: 10.0pt; line-height: 150%; font-family: 'Arial',sans-serif;\">Reciclar os conhecimentos referentes aos conceitos, requisitos e procedimentos de seguran\u00e7a referentes ao trabalho em Espa\u00e7o Confinado.<\/span><\/p>\t\t\t\t\t<\/div>\n\t\t\t\t\t\t<\/div>\n\t\t\t\t<\/div>\n\t\t\t\t<div class=\"elementor-element elementor-element-bf84973 elementor-widget elementor-widget-heading\" data-id=\"bf84973\" data-element_type=\"widget\" data-widget_type=\"heading.default\">\n\t\t\t\t<div class=\"elementor-widget-container\">\n\t\t\t<h3 class=\"elementor-heading-title elementor-size-default\">P\u00fablico Alvo<\/h3>\t\t<\/div>\n\t\t\t\t<\/div>\n\t\t\t\t<div class=\"elementor-element elementor-element-559c8e5c elementor-widget elementor-widget-text-editor\" data-id=\"559c8e5c\" data-element_type=\"widget\" data-widget_type=\"text-editor.default\">\n\t\t\t\t<div class=\"elementor-widget-container\">\n\t\t\t\t\t\t\t\t<div class=\"elementor-text-editor elementor-clearfix\">\n\t\t\t\t\t<p style=\"line-height: 150%;\"><span style=\"mso-bidi-font-size: 10.0pt; line-height: 150%; font-family: 'Arial',sans-serif;\">Profissionais que j\u00e1 tenham participado da capacita\u00e7\u00e3o inicial para Vigias e Autorizados (16 horas) e tenham conclu\u00eddo o curso com aproveitamento satisfat\u00f3rio.<\/span><u><\/u><\/p>\t\t\t\t\t<\/div>\n\t\t\t\t\t\t<\/div>\n\t\t\t\t<\/div>\n\t\t\t\t\t\t<\/div>\n\t\t\t\t\t<\/div>\n\t\t<\/div>\n\t\t\t\t<div class=\"elementor-column elementor-col-50 elementor-top-column elementor-element elementor-element-4c96c65c\" data-id=\"4c96c65c\" data-element_type=\"column\">\n\t\t\t<div class=\"elementor-column-wrap elementor-element-populated\">\n\t\t\t\t\t\t\t<div class=\"elementor-widget-wrap\">\n\t\t\t\t\t\t<div class=\"elementor-element elementor-element-13a8fd3f elementor-widget elementor-widget-image\" data-id=\"13a8fd3f\" data-element_type=\"widget\" data-widget_type=\"image.default\">\n\t\t\t\t<div class=\"elementor-widget-container\">\n\t\t\t\t\t\t\t\t<div class=\"elementor-image\">\n\t\t\t\t\t\t\t\t\t\t\t\t<img loading=\"lazy\" decoding=\"async\" width=\"1024\" height=\"1024\" src=\"https:\/\/treicap.com.br\/ead\/wp-content\/uploads\/2021\/04\/Design-sem-nome-13-1024x1024.png\" class=\"attachment-large size-large\" alt=\"\" srcset=\"https:\/\/treicap.com.br\/ead\/wp-content\/uploads\/2021\/04\/Design-sem-nome-13-1024x1024.png 1024w, https:\/\/treicap.com.br\/ead\/wp-content\/uploads\/2021\/04\/Design-sem-nome-13-300x300.png 300w, https:\/\/treicap.com.br\/ead\/wp-content\/uploads\/2021\/04\/Design-sem-nome-13-150x150.png 150w, https:\/\/treicap.com.br\/ead\/wp-content\/uploads\/2021\/04\/Design-sem-nome-13-768x768.png 768w, https:\/\/treicap.com.br\/ead\/wp-content\/uploads\/2021\/04\/Design-sem-nome-13-600x600.png 600w, https:\/\/treicap.com.br\/ead\/wp-content\/uploads\/2021\/04\/Design-sem-nome-13-100x100.png 100w, https:\/\/treicap.com.br\/ead\/wp-content\/uploads\/2021\/04\/Design-sem-nome-13.png 1080w\" sizes=\"auto, (max-width: 1024px) 100vw, 1024px\" \/>\t\t\t\t\t\t\t\t\t\t\t\t\t\t<\/div>\n\t\t\t\t\t\t<\/div>\n\t\t\t\t<\/div>\n\t\t\t\t\t\t<\/div>\n\t\t\t\t\t<\/div>\n\t\t<\/div>\n\t\t\t\t\t\t\t\t<\/div>\n\t\t\t\t\t<\/div>\n\t\t<\/section>\n\t\t\t\t<section class=\"elementor-section elementor-top-section elementor-element elementor-element-35117979 elementor-section-content-middle elementor-section-boxed elementor-section-height-default elementor-section-height-default\" data-id=\"35117979\" data-element_type=\"section\" data-settings=\"{&quot;background_background&quot;:&quot;classic&quot;}\">\n\t\t\t\t\t\t<div class=\"elementor-container elementor-column-gap-wide\">\n\t\t\t\t\t\t\t<div class=\"elementor-row\">\n\t\t\t\t\t<div class=\"elementor-column elementor-col-100 elementor-top-column elementor-element elementor-element-665b32fd\" data-id=\"665b32fd\" data-element_type=\"column\">\n\t\t\t<div class=\"elementor-column-wrap elementor-element-populated\">\n\t\t\t\t\t\t\t<div class=\"elementor-widget-wrap\">\n\t\t\t\t\t\t<div class=\"elementor-element elementor-element-5ab6f2da elementor-widget elementor-widget-spacer\" data-id=\"5ab6f2da\" data-element_type=\"widget\" data-widget_type=\"spacer.default\">\n\t\t\t\t<div class=\"elementor-widget-container\">\n\t\t\t\t\t<div class=\"elementor-spacer\">\n\t\t\t<div class=\"elementor-spacer-inner\"><\/div>\n\t\t<\/div>\n\t\t\t\t<\/div>\n\t\t\t\t<\/div>\n\t\t\t\t<div class=\"elementor-element elementor-element-1772fa34 elementor-widget elementor-widget-heading\" data-id=\"1772fa34\" data-element_type=\"widget\" data-widget_type=\"heading.default\">\n\t\t\t\t<div class=\"elementor-widget-container\">\n\t\t\t<h3 class=\"elementor-heading-title elementor-size-default\">Conte\u00fado Program\u00e1tico<\/h3>\t\t<\/div>\n\t\t\t\t<\/div>\n\t\t\t\t<div class=\"elementor-element elementor-element-74ee70b elementor-widget elementor-widget-text-editor\" data-id=\"74ee70b\" data-element_type=\"widget\" data-widget_type=\"text-editor.default\">\n\t\t\t\t<div class=\"elementor-widget-container\">\n\t\t\t\t\t\t\t\t<div class=\"elementor-text-editor elementor-clearfix\">\n\t\t\t\t\t<p>1. Introdu\u00e7\u00e3o<br \/>2. Entendimento da NR 33<br \/>2.1. Defini\u00e7\u00f5es e Responsabilidades<br \/>3. Reconhecimento, Avalia\u00e7\u00e3o e Controle de Riscos<br \/>4. Procedimentos e Utiliza\u00e7\u00e3o da Permiss\u00e3o de Entrada e Trabalho &#8211; PET<br \/>5. Tipos de Equipamentos e Funcionamento<br \/>6. No\u00e7\u00f5es de Resgate e Primeiros Socorros<\/p><p><strong>Carga Hor\u00e1ria: <\/strong>08 horas<\/p>\t\t\t\t\t<\/div>\n\t\t\t\t\t\t<\/div>\n\t\t\t\t<\/div>\n\t\t\t\t\t\t<\/div>\n\t\t\t\t\t<\/div>\n\t\t<\/div>\n\t\t\t\t\t\t\t\t<\/div>\n\t\t\t\t\t<\/div>\n\t\t<\/section>\n\t\t\t\t<section class=\"elementor-section elementor-top-section elementor-element elementor-element-464c7181 elementor-section-content-middle elementor-section-boxed elementor-section-height-default elementor-section-height-default\" data-id=\"464c7181\" data-element_type=\"section\" data-settings=\"{&quot;background_background&quot;:&quot;classic&quot;}\">\n\t\t\t\t\t\t<div class=\"elementor-container elementor-column-gap-wide\">\n\t\t\t\t\t\t\t<div class=\"elementor-row\">\n\t\t\t\t\t<div class=\"elementor-column elementor-col-50 elementor-top-column elementor-element elementor-element-423cecff\" data-id=\"423cecff\" data-element_type=\"column\">\n\t\t\t<div class=\"elementor-column-wrap elementor-element-populated\">\n\t\t\t\t\t\t\t<div class=\"elementor-widget-wrap\">\n\t\t\t\t\t\t<div class=\"elementor-element elementor-element-4cf76b6d elementor-widget elementor-widget-image\" data-id=\"4cf76b6d\" data-element_type=\"widget\" data-widget_type=\"image.default\">\n\t\t\t\t<div class=\"elementor-widget-container\">\n\t\t\t\t\t\t\t\t<div class=\"elementor-image\">\n\t\t\t\t\t\t\t\t\t\t\t\t<img loading=\"lazy\" decoding=\"async\" width=\"1280\" height=\"856\" src=\"https:\/\/treicap.com.br\/ead\/wp-content\/uploads\/2021\/03\/WhatsApp-Image-2021-03-26-at-10.26.48.jpeg\" class=\"attachment-full size-full\" alt=\"\" srcset=\"https:\/\/treicap.com.br\/ead\/wp-content\/uploads\/2021\/03\/WhatsApp-Image-2021-03-26-at-10.26.48.jpeg 1280w, https:\/\/treicap.com.br\/ead\/wp-content\/uploads\/2021\/03\/WhatsApp-Image-2021-03-26-at-10.26.48-300x201.jpeg 300w, https:\/\/treicap.com.br\/ead\/wp-content\/uploads\/2021\/03\/WhatsApp-Image-2021-03-26-at-10.26.48-1024x685.jpeg 1024w, https:\/\/treicap.com.br\/ead\/wp-content\/uploads\/2021\/03\/WhatsApp-Image-2021-03-26-at-10.26.48-768x514.jpeg 768w, https:\/\/treicap.com.br\/ead\/wp-content\/uploads\/2021\/03\/WhatsApp-Image-2021-03-26-at-10.26.48-600x401.jpeg 600w\" sizes=\"auto, (max-width: 1280px) 100vw, 1280px\" \/>\t\t\t\t\t\t\t\t\t\t\t\t\t\t<\/div>\n\t\t\t\t\t\t<\/div>\n\t\t\t\t<\/div>\n\t\t\t\t<div class=\"elementor-element elementor-element-4f6e70dd elementor-widget elementor-widget-spacer\" data-id=\"4f6e70dd\" data-element_type=\"widget\" data-widget_type=\"spacer.default\">\n\t\t\t\t<div class=\"elementor-widget-container\">\n\t\t\t\t\t<div class=\"elementor-spacer\">\n\t\t\t<div class=\"elementor-spacer-inner\"><\/div>\n\t\t<\/div>\n\t\t\t\t<\/div>\n\t\t\t\t<\/div>\n\t\t\t\t<div class=\"elementor-element elementor-element-3bdcb6db elementor-widget elementor-widget-heading\" data-id=\"3bdcb6db\" data-element_type=\"widget\" data-widget_type=\"heading.default\">\n\t\t\t\t<div class=\"elementor-widget-container\">\n\t\t\t<h3 class=\"elementor-heading-title elementor-size-default\">Certificado<\/h3>\t\t<\/div>\n\t\t\t\t<\/div>\n\t\t\t\t<div class=\"elementor-element elementor-element-e56b9e9 elementor-widget__width-initial elementor-widget elementor-widget-text-editor\" data-id=\"e56b9e9\" data-element_type=\"widget\" data-widget_type=\"text-editor.default\">\n\t\t\t\t<div class=\"elementor-widget-container\">\n\t\t\t\t\t\t\t\t<div class=\"elementor-text-editor elementor-clearfix\">\n\t\t\t\t\t<p style=\"text-align: left;\">Ser\u00e1 emitido um certificado para cada treinando contendo o nome e CPF do mesmo, conte\u00fado program\u00e1tico, carga hor\u00e1ria, data, com as assinaturas do coordenador de seguran\u00e7a do trabalho, instrutor e do engenheiro respons\u00e1vel t\u00e9cnico pelo treinamento.<br>Os certificados ser\u00e3o disponibilizados desde que o treinando atinja m\u00e9dia igual ou superior a 7,0.<br>Para cada certificado ser\u00e1 emitido um n\u00famero de registro que ser\u00e1 impresso junto ao mesmo para verifica\u00e7\u00e3o de autenticidade atrav\u00e9s do site: <a href=\"http:\/\/www.treicap.com.br\">www.treicap.com.br&nbsp;<\/a><\/p>\t\t\t\t\t<\/div>\n\t\t\t\t\t\t<\/div>\n\t\t\t\t<\/div>\n\t\t\t\t\t\t<\/div>\n\t\t\t\t\t<\/div>\n\t\t<\/div>\n\t\t\t\t<div class=\"elementor-column elementor-col-50 elementor-top-column elementor-element elementor-element-22291271\" data-id=\"22291271\" data-element_type=\"column\" data-settings=\"{&quot;background_background&quot;:&quot;classic&quot;}\">\n\t\t\t<div class=\"elementor-column-wrap elementor-element-populated\">\n\t\t\t\t\t\t\t<div class=\"elementor-widget-wrap\">\n\t\t\t\t\t\t<div class=\"elementor-element elementor-element-2c564064 elementor-widget-divider--view-line_text elementor-widget-divider--element-align-center elementor-widget elementor-widget-divider\" data-id=\"2c564064\" data-element_type=\"widget\" data-widget_type=\"divider.default\">\n\t\t\t\t<div class=\"elementor-widget-container\">\n\t\t\t\t\t<div class=\"elementor-divider\">\n\t\t\t<span class=\"elementor-divider-separator\">\n\t\t\t\t\t\t\t<span class=\"elementor-divider__text elementor-divider__element\"><b>Investimento<\/b><\/span>\n\t\t\t\t\t\t<\/span>\n\t\t<\/div>\n\t\t\t\t<\/div>\n\t\t\t\t<\/div>\n\t\t\t\t<div class=\"elementor-element elementor-element-593adf86 elementor-widget elementor-widget-heading\" data-id=\"593adf86\" data-element_type=\"widget\" data-widget_type=\"heading.default\">\n\t\t\t\t<div class=\"elementor-widget-container\">\n\t\t\t<h4 class=\"elementor-heading-title elementor-size-default\">R$ 125,00<\/h4>\t\t<\/div>\n\t\t\t\t<\/div>\n\t\t\t\t<div class=\"elementor-element elementor-element-3005fccd elementor-widget elementor-widget-heading\" data-id=\"3005fccd\" data-element_type=\"widget\" data-widget_type=\"heading.default\">\n\t\t\t\t<div class=\"elementor-widget-container\">\n\t\t\t<p class=\"elementor-heading-title elementor-size-default\">R$ 90,00<\/p>\t\t<\/div>\n\t\t\t\t<\/div>\n\t\t\t\t<div class=\"elementor-element elementor-element-4b97dac0 elementor-align-justify elementor-mobile-align-center elementor-widget elementor-widget-button\" data-id=\"4b97dac0\" data-element_type=\"widget\" data-widget_type=\"button.default\">\n\t\t\t\t<div class=\"elementor-widget-container\">\n\t\t\t\t\t<div class=\"elementor-button-wrapper\">\n\t\t\t<a href=\"https:\/\/api.whatsapp.com\/send?phone=5527996876522&#038;text=Ol%C3%A1%2C%20me%20interessei%20pelo%20curso!\" class=\"elementor-button-link elementor-button elementor-size-lg elementor-animation-grow\" role=\"button\">\n\t\t\t\t\t\t<span class=\"elementor-button-content-wrapper\">\n\t\t\t\t\t\t<span class=\"elementor-button-icon elementor-align-icon-left\">\n\t\t\t\t<i aria-hidden=\"true\" class=\"fas fa-shopping-cart\"><\/i>\t\t\t<\/span>\n\t\t\t\t\t\t<span class=\"elementor-button-text\">GARANTA ESSA OFERTA<\/span>\n\t\t<\/span>\n\t\t\t\t\t<\/a>\n\t\t<\/div>\n\t\t\t\t<\/div>\n\t\t\t\t<\/div>\n\t\t\t\t<div class=\"elementor-element elementor-element-36f345b7 elementor-widget elementor-widget-text-editor\" data-id=\"36f345b7\" data-element_type=\"widget\" data-widget_type=\"text-editor.default\">\n\t\t\t\t<div class=\"elementor-widget-container\">\n\t\t\t\t\t\t\t\t<div class=\"elementor-text-editor elementor-clearfix\">\n\t\t\t\t\t<p style=\"text-align: center;\">Caso seja uma empresa e queira comprar mais de uma unidade, possu\u00edmos uma oferta especial para voc\u00ea.<\/p>\t\t\t\t\t<\/div>\n\t\t\t\t\t\t<\/div>\n\t\t\t\t<\/div>\n\t\t\t\t<div class=\"elementor-element elementor-element-2e650254 elementor-align-justify elementor-mobile-align-center elementor-widget elementor-widget-button\" data-id=\"2e650254\" data-element_type=\"widget\" data-widget_type=\"button.default\">\n\t\t\t\t<div class=\"elementor-widget-container\">\n\t\t\t\t\t<div class=\"elementor-button-wrapper\">\n\t\t\t<a href=\"https:\/\/api.whatsapp.com\/send?phone=5527996876522&#038;text=Ol%C3%A1%2C%20me%20interessei%20pelo%20curso!\" class=\"elementor-button-link elementor-button elementor-size-lg elementor-animation-grow\" role=\"button\">\n\t\t\t\t\t\t<span class=\"elementor-button-content-wrapper\">\n\t\t\t\t\t\t<span class=\"elementor-button-icon elementor-align-icon-left\">\n\t\t\t\t<i aria-hidden=\"true\" class=\"fab fa-whatsapp\"><\/i>\t\t\t<\/span>\n\t\t\t\t\t\t<span class=\"elementor-button-text\">GARANTA ESSA OFERTA<\/span>\n\t\t<\/span>\n\t\t\t\t\t<\/a>\n\t\t<\/div>\n\t\t\t\t<\/div>\n\t\t\t\t<\/div>\n\t\t\t\t<div class=\"elementor-element elementor-element-1b2fd487 elementor-widget elementor-widget-spacer\" data-id=\"1b2fd487\" data-element_type=\"widget\" data-widget_type=\"spacer.default\">\n\t\t\t\t<div class=\"elementor-widget-container\">\n\t\t\t\t\t<div class=\"elementor-spacer\">\n\t\t\t<div class=\"elementor-spacer-inner\"><\/div>\n\t\t<\/div>\n\t\t\t\t<\/div>\n\t\t\t\t<\/div>\n\t\t\t\t\t\t<\/div>\n\t\t\t\t\t<\/div>\n\t\t<\/div>\n\t\t\t\t\t\t\t\t<\/div>\n\t\t\t\t\t<\/div>\n\t\t<\/section>\n\t\t\t\t\t\t<\/div>\n\t\t\t\t\t\t<\/div>\n\t\t\t\t\t<\/div>\n\t\t","protected":false},"excerpt":{"rendered":"<p>NR 33 &#8211; Espa\u00e7o Confinado para Vigias e Autorizados &#8211; Reciclagem Objetivo Reciclar os conhecimentos referentes aos conceitos, requisitos e procedimentos de seguran\u00e7a referentes ao trabalho em Espa\u00e7o Confinado. P\u00fablico Alvo Profissionais que j\u00e1 tenham participado da capacita\u00e7\u00e3o inicial para Vigias e Autorizados (16 horas) e tenham conclu\u00eddo o curso com aproveitamento satisfat\u00f3rio. Conte\u00fado Program\u00e1tico &hellip;<\/p>\n<p class=\"read-more\"> <a class=\"\" href=\"https:\/\/treicap.com.br\/ead\/nr-33-02\/\"> <span class=\"screen-reader-text\">NR 33 &#8211; Espa\u00e7o Confinado para Vigias e Autorizados -Reciclagem\u200b<\/span> Leia mais \u00bb<\/a><\/p>\n","protected":false},"author":1,"featured_media":0,"parent":0,"menu_order":0,"comment_status":"closed","ping_status":"closed","template":"","meta":{"footnotes":""},"class_list":["post-26397","page","type-page","status-publish","hentry"],"_links":{"self":[{"href":"https:\/\/treicap.com.br\/ead\/wp-json\/wp\/v2\/pages\/26397","targetHints":{"allow":["GET"]}}],"collection":[{"href":"https:\/\/treicap.com.br\/ead\/wp-json\/wp\/v2\/pages"}],"about":[{"href":"https:\/\/treicap.com.br\/ead\/wp-json\/wp\/v2\/types\/page"}],"author":[{"embeddable":true,"href":"https:\/\/treicap.com.br\/ead\/wp-json\/wp\/v2\/users\/1"}],"replies":[{"embeddable":true,"href":"https:\/\/treicap.com.br\/ead\/wp-json\/wp\/v2\/comments?post=26397"}],"version-history":[{"count":19,"href":"https:\/\/treicap.com.br\/ead\/wp-json\/wp\/v2\/pages\/26397\/revisions"}],"predecessor-version":[{"id":26466,"href":"https:\/\/treicap.com.br\/ead\/wp-json\/wp\/v2\/pages\/26397\/revisions\/26466"}],"wp:attachment":[{"href":"https:\/\/treicap.com.br\/ead\/wp-json\/wp\/v2\/media?parent=26397"}],"curies":[{"name":"wp","href":"https:\/\/api.w.org\/{rel}","templated":true}]}}